{"id":8957,"date":"2023-04-05T10:46:48","date_gmt":"2023-04-05T10:46:48","guid":{"rendered":"http:\/\/elanticuario.eu\/?page_id=8957"},"modified":"2023-04-05T12:29:38","modified_gmt":"2023-04-05T12:29:38","slug":"reembolso_devoluciones","status":"publish","type":"page","link":"https:\/\/elanticuario.eu\/?page_id=8957","title":{"rendered":"Pol\u00edtica de devoluciones y reembolsos"},"content":{"rendered":"<h3>Pol\u00edtica de Devoluciones<\/h3>\n<p><strong>Plazo de Devoluci\u00f3n:<\/strong> Todos los productos pueden ser devueltos dentro de los 14 d\u00edas posteriores a la entrega.<\/p>\n<p><strong>Condiciones del Producto:<\/strong> El producto debe estar sin usar y en las mismas condiciones en que lo recibi\u00f3. Tambi\u00e9n debe estar en su embalaje original.<\/p>\n<p><strong>Art\u00edculos no Retornables:<\/strong> Los siguientes art\u00edculos no son elegibles para devoluci\u00f3n: productos que sean bienes \u00edntimos o sanitarios, materiales peligrosos o l\u00edquidos o gases inflamables.<\/p>\n<p><strong>Requisitos de Devoluci\u00f3n:<\/strong> Para completar su devoluci\u00f3n, requerimos un recibo o comprobante de compra.<\/p>\n<p><strong>Reembolsos:<\/strong> Una vez que su devoluci\u00f3n sea recibida e inspeccionada, le enviaremos un correo electr\u00f3nico para notificarle que hemos recibido su art\u00edculo devuelto. Tambi\u00e9n le notificaremos la aprobaci\u00f3n o el rechazo de su reembolso. Si es aprobado, se procesar\u00e1 su reembolso y se aplicar\u00e1 autom\u00e1ticamente un cr\u00e9dito a su tarjeta de cr\u00e9dito o m\u00e9todo de pago original, dentro de una cierta cantidad de d\u00edas.<\/p>\n<p><strong>Art\u00edculos en Oferta:<\/strong> Solo los art\u00edculos con precio regular pueden ser reembolsados. Los art\u00edculos en oferta no pueden ser reembolsados.<\/p>\n<p><strong>Intercambios:<\/strong> Solo reemplazamos los art\u00edculos si est\u00e1n defectuosos o da\u00f1ados. Si necesita cambiarlo por el mismo art\u00edculo, env\u00edenos un correo electr\u00f3nico a elanticuario.eu@gmail.com.<\/p>\n<p><strong>Env\u00edo de Devoluciones:<\/strong> Para devolver su producto, debe enviarlo por correo a: [inserte direcci\u00f3n f\u00edsica].<\/p>\n<p><strong>Gastos de Env\u00edo:<\/strong> Usted ser\u00e1 responsable de pagar los costos de env\u00edo para devolver su art\u00edculo. Los gastos de env\u00edo no son reembolsables.<\/p>\n","protected":false},"excerpt":{"rendered":"<p class=\"excerpt\">Pol\u00edtica de Devoluciones Plazo de Devoluci\u00f3n: Todos los productos pueden ser devueltos dentro de los 14 d\u00edas posteriores a la entrega. Condiciones del Producto: El producto debe estar sin usar y en las mismas condiciones en que lo recibi\u00f3. Tambi\u00e9n debe estar en su embalaje original. Art\u00edculos no Retornables: Los siguientes art\u00edculos no son elegibles para devoluci\u00f3n: productos que sean&hellip; <a href=\"https:\/\/elanticuario.eu\/?page_id=8957\">Leer m\u00e1s &rarr;<\/a><\/p>\n","protected":false},"author":1,"featured_media":0,"parent":0,"menu_order":0,"comment_status":"closed","ping_status":"closed","template":"","meta":{"footnotes":""},"class_list":["post-8957","page","type-page","status-publish","hentry","xfolkentry"],"_links":{"self":[{"href":"https:\/\/elanticuario.eu\/index.php?rest_route=\/wp\/v2\/pages\/8957","targetHints":{"allow":["GET"]}}],"collection":[{"href":"https:\/\/elanticuario.eu\/index.php?rest_route=\/wp\/v2\/pages"}],"about":[{"href":"https:\/\/elanticuario.eu\/index.php?rest_route=\/wp\/v2\/types\/page"}],"author":[{"embeddable":true,"href":"https:\/\/elanticuario.eu\/index.php?rest_route=\/wp\/v2\/users\/1"}],"replies":[{"embeddable":true,"href":"https:\/\/elanticuario.eu\/index.php?rest_route=%2Fwp%2Fv2%2Fcomments&post=8957"}],"version-history":[{"count":3,"href":"https:\/\/elanticuario.eu\/index.php?rest_route=\/wp\/v2\/pages\/8957\/revisions"}],"predecessor-version":[{"id":9777,"href":"https:\/\/elanticuario.eu\/index.php?rest_route=\/wp\/v2\/pages\/8957\/revisions\/9777"}],"wp:attachment":[{"href":"https:\/\/elanticuario.eu\/index.php?rest_route=%2Fwp%2Fv2%2Fmedia&parent=8957"}],"curies":[{"name":"wp","href":"https:\/\/api.w.org\/{rel}","templated":true}]}}