{"id":10334,"date":"2024-12-09T12:23:49","date_gmt":"2024-12-09T12:23:49","guid":{"rendered":"https:\/\/elanticuario.eu\/?post_type=product&#038;p=10334"},"modified":"2024-12-09T12:25:55","modified_gmt":"2024-12-09T12:25:55","slug":"historia-de-la-democracia","status":"publish","type":"product","link":"https:\/\/elanticuario.eu\/?product=historia-de-la-democracia","title":{"rendered":"Historia de la Democracia."},"content":{"rendered":"<p>Colecci\u00f3n de 47 fasc\u00edculos editados en 1997.<\/p>\n<p>Obra sin encuadernar. Abarca los a\u00f1os entre 1975 y 1995.<\/p>\n","protected":false},"excerpt":{"rendered":"<p class=\"excerpt\">Colecci\u00f3n de 47 fasc\u00edculos editados en 1997. Obra sin encuadernar. Abarca los a\u00f1os entre 1975 y 1995. <a href=\"https:\/\/elanticuario.eu\/?product=historia-de-la-democracia\">Leer m\u00e1s &rarr;<\/a><\/p>\n","protected":false},"featured_media":10315,"comment_status":"open","ping_status":"closed","template":"","meta":[],"product_cat":[76],"product_tag":[],"class_list":{"0":"post-10334","1":"product","2":"type-product","3":"status-publish","4":"has-post-thumbnail","6":"product_cat-divulgativos","7":"xfolkentry","9":"first","10":"instock","11":"shipping-taxable","12":"purchasable","13":"product-type-simple"},"_links":{"self":[{"href":"https:\/\/elanticuario.eu\/index.php?rest_route=\/wp\/v2\/product\/10334","targetHints":{"allow":["GET"]}}],"collection":[{"href":"https:\/\/elanticuario.eu\/index.php?rest_route=\/wp\/v2\/product"}],"about":[{"href":"https:\/\/elanticuario.eu\/index.php?rest_route=\/wp\/v2\/types\/product"}],"replies":[{"embeddable":true,"href":"https:\/\/elanticuario.eu\/index.php?rest_route=%2Fwp%2Fv2%2Fcomments&post=10334"}],"wp:featuredmedia":[{"embeddable":true,"href":"https:\/\/elanticuario.eu\/index.php?rest_route=\/wp\/v2\/media\/10315"}],"wp:attachment":[{"href":"https:\/\/elanticuario.eu\/index.php?rest_route=%2Fwp%2Fv2%2Fmedia&parent=10334"}],"wp:term":[{"taxonomy":"product_cat","embeddable":true,"href":"https:\/\/elanticuario.eu\/index.php?rest_route=%2Fwp%2Fv2%2Fproduct_cat&post=10334"},{"taxonomy":"product_tag","embeddable":true,"href":"https:\/\/elanticuario.eu\/index.php?rest_route=%2Fwp%2Fv2%2Fproduct_tag&post=10334"}],"curies":[{"name":"wp","href":"https:\/\/api.w.org\/{rel}","templated":true}]}}