{"id":10339,"date":"2024-12-09T12:45:38","date_gmt":"2024-12-09T12:45:38","guid":{"rendered":"https:\/\/elanticuario.eu\/?post_type=product&#038;p=10339"},"modified":"2024-12-09T12:46:14","modified_gmt":"2024-12-09T12:46:14","slug":"ninos-como-yo","status":"publish","type":"product","link":"https:\/\/elanticuario.eu\/?product=ninos-como-yo","title":{"rendered":"Ni\u00f1os como yo"},"content":{"rendered":"<p>Interesante libro que nos da una vision sobre como son y como viven los ni\u00f1os en diferentes pa\u00edses.<\/p>\n<p>Obra nueva.Editada por el Circulo de Lectores en 1995<\/p>\n","protected":false},"excerpt":{"rendered":"<p class=\"excerpt\">Interesante libro que nos da una vision sobre como son y como viven los ni\u00f1os en diferentes pa\u00edses. Obra nueva.Editada por el Circulo de Lectores en 1995 <a href=\"https:\/\/elanticuario.eu\/?product=ninos-como-yo\">Leer m\u00e1s &rarr;<\/a><\/p>\n","protected":false},"featured_media":10322,"comment_status":"open","ping_status":"closed","template":"","meta":[],"product_cat":[76],"product_tag":[],"class_list":{"0":"post-10339","1":"product","2":"type-product","3":"status-publish","4":"has-post-thumbnail","6":"product_cat-divulgativos","7":"xfolkentry","9":"first","10":"instock","11":"shipping-taxable","12":"purchasable","13":"product-type-simple"},"_links":{"self":[{"href":"https:\/\/elanticuario.eu\/index.php?rest_route=\/wp\/v2\/product\/10339","targetHints":{"allow":["GET"]}}],"collection":[{"href":"https:\/\/elanticuario.eu\/index.php?rest_route=\/wp\/v2\/product"}],"about":[{"href":"https:\/\/elanticuario.eu\/index.php?rest_route=\/wp\/v2\/types\/product"}],"replies":[{"embeddable":true,"href":"https:\/\/elanticuario.eu\/index.php?rest_route=%2Fwp%2Fv2%2Fcomments&post=10339"}],"wp:featuredmedia":[{"embeddable":true,"href":"https:\/\/elanticuario.eu\/index.php?rest_route=\/wp\/v2\/media\/10322"}],"wp:attachment":[{"href":"https:\/\/elanticuario.eu\/index.php?rest_route=%2Fwp%2Fv2%2Fmedia&parent=10339"}],"wp:term":[{"taxonomy":"product_cat","embeddable":true,"href":"https:\/\/elanticuario.eu\/index.php?rest_route=%2Fwp%2Fv2%2Fproduct_cat&post=10339"},{"taxonomy":"product_tag","embeddable":true,"href":"https:\/\/elanticuario.eu\/index.php?rest_route=%2Fwp%2Fv2%2Fproduct_tag&post=10339"}],"curies":[{"name":"wp","href":"https:\/\/api.w.org\/{rel}","templated":true}]}}