{"id":1250,"date":"2015-01-02T17:35:47","date_gmt":"2015-01-02T17:35:47","guid":{"rendered":"http:\/\/elanticuario.eu\/?post_type=product&#038;p=1250"},"modified":"2022-12-14T10:17:19","modified_gmt":"2022-12-14T10:17:19","slug":"viaje-infantil","status":"publish","type":"product","link":"https:\/\/elanticuario.eu\/?product=viaje-infantil","title":{"rendered":"Viaje infantil"},"content":{"rendered":"<p>Ligeros conocimientos sobre los grandes inventos, al alcance de los ni\u00f1os.<\/p>\n<p>37 edici\u00f3n. Burgos 1960.<\/p>\n<p>Libro en buen estado, aunque con garabatos en algunas p\u00e1ginas.<\/p>\n<p>Gastos de envio incluidos.<\/p>\n","protected":false},"excerpt":{"rendered":"<p class=\"excerpt\">Ligeros conocimientos sobre los grandes inventos, al alcance de los ni\u00f1os. 37 edici\u00f3n. Burgos 1960. Libro en buen estado, aunque con garabatos en algunas p\u00e1ginas. Gastos de envio incluidos. <a href=\"https:\/\/elanticuario.eu\/?product=viaje-infantil\">Leer m\u00e1s &rarr;<\/a><\/p>\n","protected":false},"featured_media":1227,"comment_status":"open","ping_status":"closed","template":"","meta":[],"product_cat":[6],"product_tag":[],"class_list":{"0":"post-1250","1":"product","2":"type-product","3":"status-publish","4":"has-post-thumbnail","6":"product_cat-libros-antiguos-de-escuela","7":"xfolkentry","9":"first","10":"instock","11":"shipping-taxable","12":"purchasable","13":"product-type-simple"},"_links":{"self":[{"href":"https:\/\/elanticuario.eu\/index.php?rest_route=\/wp\/v2\/product\/1250","targetHints":{"allow":["GET"]}}],"collection":[{"href":"https:\/\/elanticuario.eu\/index.php?rest_route=\/wp\/v2\/product"}],"about":[{"href":"https:\/\/elanticuario.eu\/index.php?rest_route=\/wp\/v2\/types\/product"}],"replies":[{"embeddable":true,"href":"https:\/\/elanticuario.eu\/index.php?rest_route=%2Fwp%2Fv2%2Fcomments&post=1250"}],"wp:featuredmedia":[{"embeddable":true,"href":"https:\/\/elanticuario.eu\/index.php?rest_route=\/wp\/v2\/media\/1227"}],"wp:attachment":[{"href":"https:\/\/elanticuario.eu\/index.php?rest_route=%2Fwp%2Fv2%2Fmedia&parent=1250"}],"wp:term":[{"taxonomy":"product_cat","embeddable":true,"href":"https:\/\/elanticuario.eu\/index.php?rest_route=%2Fwp%2Fv2%2Fproduct_cat&post=1250"},{"taxonomy":"product_tag","embeddable":true,"href":"https:\/\/elanticuario.eu\/index.php?rest_route=%2Fwp%2Fv2%2Fproduct_tag&post=1250"}],"curies":[{"name":"wp","href":"https:\/\/api.w.org\/{rel}","templated":true}]}}