{"id":1251,"date":"2015-01-02T17:41:49","date_gmt":"2015-01-02T17:41:49","guid":{"rendered":"http:\/\/elanticuario.eu\/?post_type=product&#038;p=1251"},"modified":"2022-12-14T10:16:33","modified_gmt":"2022-12-14T10:16:33","slug":"viajando-por-espana","status":"publish","type":"product","link":"https:\/\/elanticuario.eu\/?product=viajando-por-espana","title":{"rendered":"Viajando por Espa\u00f1a"},"content":{"rendered":"<p>Libro de viajes, dedicado a los ni\u00f1os y j\u00f3venes, por todas las provincias de Espa\u00f1a.<\/p>\n<p>Estado aceptable. Falta fecha de edici\u00f3n.<\/p>\n<p>Interesantes ilustraciones.<\/p>\n<p>Gastos de envio incluidos.<\/p>\n","protected":false},"excerpt":{"rendered":"<p class=\"excerpt\">Libro de viajes, dedicado a los ni\u00f1os y j\u00f3venes, por todas las provincias de Espa\u00f1a. Estado aceptable. Falta fecha de edici\u00f3n. Interesantes ilustraciones. Gastos de envio incluidos. <a href=\"https:\/\/elanticuario.eu\/?product=viajando-por-espana\">Leer m\u00e1s &rarr;<\/a><\/p>\n","protected":false},"featured_media":1224,"comment_status":"open","ping_status":"closed","template":"","meta":[],"product_cat":[6],"product_tag":[],"class_list":{"0":"post-1251","1":"product","2":"type-product","3":"status-publish","4":"has-post-thumbnail","6":"product_cat-libros-antiguos-de-escuela","7":"xfolkentry","9":"first","10":"instock","11":"shipping-taxable","12":"purchasable","13":"product-type-simple"},"_links":{"self":[{"href":"https:\/\/elanticuario.eu\/index.php?rest_route=\/wp\/v2\/product\/1251","targetHints":{"allow":["GET"]}}],"collection":[{"href":"https:\/\/elanticuario.eu\/index.php?rest_route=\/wp\/v2\/product"}],"about":[{"href":"https:\/\/elanticuario.eu\/index.php?rest_route=\/wp\/v2\/types\/product"}],"replies":[{"embeddable":true,"href":"https:\/\/elanticuario.eu\/index.php?rest_route=%2Fwp%2Fv2%2Fcomments&post=1251"}],"wp:featuredmedia":[{"embeddable":true,"href":"https:\/\/elanticuario.eu\/index.php?rest_route=\/wp\/v2\/media\/1224"}],"wp:attachment":[{"href":"https:\/\/elanticuario.eu\/index.php?rest_route=%2Fwp%2Fv2%2Fmedia&parent=1251"}],"wp:term":[{"taxonomy":"product_cat","embeddable":true,"href":"https:\/\/elanticuario.eu\/index.php?rest_route=%2Fwp%2Fv2%2Fproduct_cat&post=1251"},{"taxonomy":"product_tag","embeddable":true,"href":"https:\/\/elanticuario.eu\/index.php?rest_route=%2Fwp%2Fv2%2Fproduct_tag&post=1251"}],"curies":[{"name":"wp","href":"https:\/\/api.w.org\/{rel}","templated":true}]}}