{"id":1252,"date":"2015-01-02T17:45:33","date_gmt":"2015-01-02T17:45:33","guid":{"rendered":"http:\/\/elanticuario.eu\/?post_type=product&#038;p=1252"},"modified":"2022-12-14T10:15:47","modified_gmt":"2022-12-14T10:15:47","slug":"versos-para-ninos","status":"publish","type":"product","link":"https:\/\/elanticuario.eu\/?product=versos-para-ninos","title":{"rendered":"Versos para Ni\u00f1os"},"content":{"rendered":"<p>Antolig\u00eda l\u00edrica para ni\u00f1os de poes\u00edas recitables.<\/p>\n<p>Edici\u00f3n de 1952<\/p>\n<p>Libro en buen estado.<\/p>\n<p>Gastos de envio incluidos.<\/p>\n","protected":false},"excerpt":{"rendered":"<p class=\"excerpt\">Antolig\u00eda l\u00edrica para ni\u00f1os de poes\u00edas recitables. Edici\u00f3n de 1952 Libro en buen estado. Gastos de envio incluidos. <a href=\"https:\/\/elanticuario.eu\/?product=versos-para-ninos\">Leer m\u00e1s &rarr;<\/a><\/p>\n","protected":false},"featured_media":1221,"comment_status":"open","ping_status":"closed","template":"","meta":[],"product_cat":[6],"product_tag":[],"class_list":{"0":"post-1252","1":"product","2":"type-product","3":"status-publish","4":"has-post-thumbnail","6":"product_cat-libros-antiguos-de-escuela","7":"xfolkentry","9":"first","10":"instock","11":"shipping-taxable","12":"purchasable","13":"product-type-simple"},"_links":{"self":[{"href":"https:\/\/elanticuario.eu\/index.php?rest_route=\/wp\/v2\/product\/1252","targetHints":{"allow":["GET"]}}],"collection":[{"href":"https:\/\/elanticuario.eu\/index.php?rest_route=\/wp\/v2\/product"}],"about":[{"href":"https:\/\/elanticuario.eu\/index.php?rest_route=\/wp\/v2\/types\/product"}],"replies":[{"embeddable":true,"href":"https:\/\/elanticuario.eu\/index.php?rest_route=%2Fwp%2Fv2%2Fcomments&post=1252"}],"wp:featuredmedia":[{"embeddable":true,"href":"https:\/\/elanticuario.eu\/index.php?rest_route=\/wp\/v2\/media\/1221"}],"wp:attachment":[{"href":"https:\/\/elanticuario.eu\/index.php?rest_route=%2Fwp%2Fv2%2Fmedia&parent=1252"}],"wp:term":[{"taxonomy":"product_cat","embeddable":true,"href":"https:\/\/elanticuario.eu\/index.php?rest_route=%2Fwp%2Fv2%2Fproduct_cat&post=1252"},{"taxonomy":"product_tag","embeddable":true,"href":"https:\/\/elanticuario.eu\/index.php?rest_route=%2Fwp%2Fv2%2Fproduct_tag&post=1252"}],"curies":[{"name":"wp","href":"https:\/\/api.w.org\/{rel}","templated":true}]}}