{"id":1253,"date":"2015-01-02T17:52:42","date_gmt":"2015-01-02T17:52:42","guid":{"rendered":"http:\/\/elanticuario.eu\/?post_type=product&#038;p=1253"},"modified":"2022-12-14T10:15:04","modified_gmt":"2022-12-14T10:15:04","slug":"tesoro-de-conocimientos-utiles","status":"publish","type":"product","link":"https:\/\/elanticuario.eu\/?product=tesoro-de-conocimientos-utiles","title":{"rendered":"Tesoro de Conocimientos \u00fatiles"},"content":{"rendered":"<p>Lecturas cient\u00edficas y amenas dispuestas para servir como lecciones de cosas.<\/p>\n<p>Ilustrado con profusi\u00f3n de grabados.<\/p>\n<p>Editorial Bru\u00f1o.\u00a0 1954<\/p>\n<p>&nbsp;<\/p>\n","protected":false},"excerpt":{"rendered":"<p class=\"excerpt\">Lecturas cient\u00edficas y amenas dispuestas para servir como lecciones de cosas. Ilustrado con profusi\u00f3n de grabados. Editorial Bru\u00f1o.\u00a0 1954 &nbsp; <a href=\"https:\/\/elanticuario.eu\/?product=tesoro-de-conocimientos-utiles\">Leer m\u00e1s &rarr;<\/a><\/p>\n","protected":false},"featured_media":1218,"comment_status":"open","ping_status":"closed","template":"","meta":[],"product_cat":[6],"product_tag":[],"class_list":{"0":"post-1253","1":"product","2":"type-product","3":"status-publish","4":"has-post-thumbnail","6":"product_cat-libros-antiguos-de-escuela","7":"xfolkentry","9":"first","10":"instock","11":"shipping-taxable","12":"purchasable","13":"product-type-simple"},"_links":{"self":[{"href":"https:\/\/elanticuario.eu\/index.php?rest_route=\/wp\/v2\/product\/1253","targetHints":{"allow":["GET"]}}],"collection":[{"href":"https:\/\/elanticuario.eu\/index.php?rest_route=\/wp\/v2\/product"}],"about":[{"href":"https:\/\/elanticuario.eu\/index.php?rest_route=\/wp\/v2\/types\/product"}],"replies":[{"embeddable":true,"href":"https:\/\/elanticuario.eu\/index.php?rest_route=%2Fwp%2Fv2%2Fcomments&post=1253"}],"wp:featuredmedia":[{"embeddable":true,"href":"https:\/\/elanticuario.eu\/index.php?rest_route=\/wp\/v2\/media\/1218"}],"wp:attachment":[{"href":"https:\/\/elanticuario.eu\/index.php?rest_route=%2Fwp%2Fv2%2Fmedia&parent=1253"}],"wp:term":[{"taxonomy":"product_cat","embeddable":true,"href":"https:\/\/elanticuario.eu\/index.php?rest_route=%2Fwp%2Fv2%2Fproduct_cat&post=1253"},{"taxonomy":"product_tag","embeddable":true,"href":"https:\/\/elanticuario.eu\/index.php?rest_route=%2Fwp%2Fv2%2Fproduct_tag&post=1253"}],"curies":[{"name":"wp","href":"https:\/\/api.w.org\/{rel}","templated":true}]}}