{"id":1266,"date":"2015-01-02T22:54:37","date_gmt":"2015-01-02T22:54:37","guid":{"rendered":"http:\/\/elanticuario.eu\/?post_type=product&#038;p=1266"},"modified":"2022-12-14T10:04:08","modified_gmt":"2022-12-14T10:04:08","slug":"elementos-de-quimica","status":"publish","type":"product","link":"https:\/\/elanticuario.eu\/?product=elementos-de-quimica","title":{"rendered":"Qu\u00edmica"},"content":{"rendered":"<p>Con rudimentos del an\u00e1lisis qu\u00edmico.<\/p>\n<p>Editorial FTD.\u00a0 Zaragoza. \u00a0380\u00a0 p\u00e1ginas.<\/p>\n<p>Gastos de envio incluidos.<\/p>\n","protected":false},"excerpt":{"rendered":"<p class=\"excerpt\">Con rudimentos del an\u00e1lisis qu\u00edmico. Editorial FTD.\u00a0 Zaragoza. \u00a0380\u00a0 p\u00e1ginas. Gastos de envio incluidos. <a href=\"https:\/\/elanticuario.eu\/?product=elementos-de-quimica\">Leer m\u00e1s &rarr;<\/a><\/p>\n","protected":false},"featured_media":1178,"comment_status":"open","ping_status":"closed","template":"","meta":[],"product_cat":[6],"product_tag":[],"class_list":{"0":"post-1266","1":"product","2":"type-product","3":"status-publish","4":"has-post-thumbnail","6":"product_cat-libros-antiguos-de-escuela","7":"xfolkentry","9":"first","10":"instock","11":"shipping-taxable","12":"purchasable","13":"product-type-simple"},"_links":{"self":[{"href":"https:\/\/elanticuario.eu\/index.php?rest_route=\/wp\/v2\/product\/1266","targetHints":{"allow":["GET"]}}],"collection":[{"href":"https:\/\/elanticuario.eu\/index.php?rest_route=\/wp\/v2\/product"}],"about":[{"href":"https:\/\/elanticuario.eu\/index.php?rest_route=\/wp\/v2\/types\/product"}],"replies":[{"embeddable":true,"href":"https:\/\/elanticuario.eu\/index.php?rest_route=%2Fwp%2Fv2%2Fcomments&post=1266"}],"wp:featuredmedia":[{"embeddable":true,"href":"https:\/\/elanticuario.eu\/index.php?rest_route=\/wp\/v2\/media\/1178"}],"wp:attachment":[{"href":"https:\/\/elanticuario.eu\/index.php?rest_route=%2Fwp%2Fv2%2Fmedia&parent=1266"}],"wp:term":[{"taxonomy":"product_cat","embeddable":true,"href":"https:\/\/elanticuario.eu\/index.php?rest_route=%2Fwp%2Fv2%2Fproduct_cat&post=1266"},{"taxonomy":"product_tag","embeddable":true,"href":"https:\/\/elanticuario.eu\/index.php?rest_route=%2Fwp%2Fv2%2Fproduct_tag&post=1266"}],"curies":[{"name":"wp","href":"https:\/\/api.w.org\/{rel}","templated":true}]}}