{"id":1273,"date":"2015-01-02T23:26:18","date_gmt":"2015-01-02T23:26:18","guid":{"rendered":"http:\/\/elanticuario.eu\/?post_type=product&#038;p=1273"},"modified":"2015-01-02T23:26:22","modified_gmt":"2015-01-02T23:26:22","slug":"prontuario-de-ha-de-espana","status":"publish","type":"product","link":"https:\/\/elanticuario.eu\/?product=prontuario-de-ha-de-espana","title":{"rendered":"Prontuario de H\u00aa de Espa\u00f1a&#8230;"},"content":{"rendered":"<p>Y de la civilizaci\u00f3n espa\u00f1ola.<\/p>\n<p>460 pgs.<\/p>\n<p>Magn\u00edficas ilustraciones.<\/p>\n<p>21 edici\u00f3n.\u00a0 Madrid 1931<\/p>\n","protected":false},"excerpt":{"rendered":"<p class=\"excerpt\">Y de la civilizaci\u00f3n espa\u00f1ola. 460 pgs. Magn\u00edficas ilustraciones. 21 edici\u00f3n.\u00a0 Madrid 1931 <a href=\"https:\/\/elanticuario.eu\/?product=prontuario-de-ha-de-espana\">Leer m\u00e1s &rarr;<\/a><\/p>\n","protected":false},"featured_media":1155,"comment_status":"open","ping_status":"closed","template":"","meta":[],"product_cat":[6],"product_tag":[],"class_list":{"0":"post-1273","1":"product","2":"type-product","3":"status-publish","4":"has-post-thumbnail","6":"product_cat-libros-antiguos-de-escuela","7":"xfolkentry","9":"first","10":"instock","11":"shipping-taxable","12":"purchasable","13":"product-type-simple"},"_links":{"self":[{"href":"https:\/\/elanticuario.eu\/index.php?rest_route=\/wp\/v2\/product\/1273","targetHints":{"allow":["GET"]}}],"collection":[{"href":"https:\/\/elanticuario.eu\/index.php?rest_route=\/wp\/v2\/product"}],"about":[{"href":"https:\/\/elanticuario.eu\/index.php?rest_route=\/wp\/v2\/types\/product"}],"replies":[{"embeddable":true,"href":"https:\/\/elanticuario.eu\/index.php?rest_route=%2Fwp%2Fv2%2Fcomments&post=1273"}],"wp:featuredmedia":[{"embeddable":true,"href":"https:\/\/elanticuario.eu\/index.php?rest_route=\/wp\/v2\/media\/1155"}],"wp:attachment":[{"href":"https:\/\/elanticuario.eu\/index.php?rest_route=%2Fwp%2Fv2%2Fmedia&parent=1273"}],"wp:term":[{"taxonomy":"product_cat","embeddable":true,"href":"https:\/\/elanticuario.eu\/index.php?rest_route=%2Fwp%2Fv2%2Fproduct_cat&post=1273"},{"taxonomy":"product_tag","embeddable":true,"href":"https:\/\/elanticuario.eu\/index.php?rest_route=%2Fwp%2Fv2%2Fproduct_tag&post=1273"}],"curies":[{"name":"wp","href":"https:\/\/api.w.org\/{rel}","templated":true}]}}