{"id":1274,"date":"2015-01-02T23:30:15","date_gmt":"2015-01-02T23:30:15","guid":{"rendered":"http:\/\/elanticuario.eu\/?post_type=product&#038;p=1274"},"modified":"2015-01-02T23:30:22","modified_gmt":"2015-01-02T23:30:22","slug":"prosa-y-vers","status":"publish","type":"product","link":"https:\/\/elanticuario.eu\/?product=prosa-y-vers","title":{"rendered":"Prosa y vers"},"content":{"rendered":"<p>Lecturas morales y c\u00edvicas para ni\u00f1os y ni\u00f1as.<\/p>\n<p>Obra en lengua catalana escrita por Manel Marinel-lo<\/p>\n<p>2\u00aa Edicion<\/p>\n<p>Barcelona 1917<\/p>\n","protected":false},"excerpt":{"rendered":"<p class=\"excerpt\">Lecturas morales y c\u00edvicas para ni\u00f1os y ni\u00f1as. Obra en lengua catalana escrita por Manel Marinel-lo 2\u00aa Edicion Barcelona 1917 <a href=\"https:\/\/elanticuario.eu\/?product=prosa-y-vers\">Leer m\u00e1s &rarr;<\/a><\/p>\n","protected":false},"featured_media":1152,"comment_status":"open","ping_status":"closed","template":"","meta":[],"product_cat":[6],"product_tag":[],"class_list":{"0":"post-1274","1":"product","2":"type-product","3":"status-publish","4":"has-post-thumbnail","6":"product_cat-libros-antiguos-de-escuela","7":"xfolkentry","9":"first","10":"instock","11":"sale","12":"shipping-taxable","13":"purchasable","14":"product-type-simple"},"_links":{"self":[{"href":"https:\/\/elanticuario.eu\/index.php?rest_route=\/wp\/v2\/product\/1274","targetHints":{"allow":["GET"]}}],"collection":[{"href":"https:\/\/elanticuario.eu\/index.php?rest_route=\/wp\/v2\/product"}],"about":[{"href":"https:\/\/elanticuario.eu\/index.php?rest_route=\/wp\/v2\/types\/product"}],"replies":[{"embeddable":true,"href":"https:\/\/elanticuario.eu\/index.php?rest_route=%2Fwp%2Fv2%2Fcomments&post=1274"}],"wp:featuredmedia":[{"embeddable":true,"href":"https:\/\/elanticuario.eu\/index.php?rest_route=\/wp\/v2\/media\/1152"}],"wp:attachment":[{"href":"https:\/\/elanticuario.eu\/index.php?rest_route=%2Fwp%2Fv2%2Fmedia&parent=1274"}],"wp:term":[{"taxonomy":"product_cat","embeddable":true,"href":"https:\/\/elanticuario.eu\/index.php?rest_route=%2Fwp%2Fv2%2Fproduct_cat&post=1274"},{"taxonomy":"product_tag","embeddable":true,"href":"https:\/\/elanticuario.eu\/index.php?rest_route=%2Fwp%2Fv2%2Fproduct_tag&post=1274"}],"curies":[{"name":"wp","href":"https:\/\/api.w.org\/{rel}","templated":true}]}}