{"id":1521,"date":"2015-01-08T19:40:25","date_gmt":"2015-01-08T19:40:25","guid":{"rendered":"http:\/\/elanticuario.eu\/?post_type=product&#038;p=1521"},"modified":"2022-12-11T19:11:22","modified_gmt":"2022-12-11T19:11:22","slug":"nueva-enciclopedia-escolar-3","status":"publish","type":"product","link":"https:\/\/elanticuario.eu\/?product=nueva-enciclopedia-escolar-3","title":{"rendered":"Nueva Enciclopedia Escolar."},"content":{"rendered":"<p>44 edici\u00f3n, reformada. Editada en Burgos en 1960<\/p>\n<p>Con mapas, l\u00e1minas de Fisikolog\u00eda e Historia Sagrada.<\/p>\n<p>Buen estado de conservaci\u00f3n.\u00a0755 p\u00e1ginas.<\/p>\n","protected":false},"excerpt":{"rendered":"<p class=\"excerpt\">44 edici\u00f3n, reformada. Editada en Burgos en 1960 Con mapas, l\u00e1minas de Fisikolog\u00eda e Historia Sagrada. Buen estado de conservaci\u00f3n.\u00a0755 p\u00e1ginas. <a href=\"https:\/\/elanticuario.eu\/?product=nueva-enciclopedia-escolar-3\">Leer m\u00e1s &rarr;<\/a><\/p>\n","protected":false},"featured_media":1118,"comment_status":"open","ping_status":"closed","template":"","meta":[],"product_cat":[6],"product_tag":[],"class_list":{"0":"post-1521","1":"product","2":"type-product","3":"status-publish","4":"has-post-thumbnail","6":"product_cat-libros-antiguos-de-escuela","7":"xfolkentry","9":"first","10":"instock","11":"shipping-taxable","12":"purchasable","13":"product-type-simple"},"_links":{"self":[{"href":"https:\/\/elanticuario.eu\/index.php?rest_route=\/wp\/v2\/product\/1521","targetHints":{"allow":["GET"]}}],"collection":[{"href":"https:\/\/elanticuario.eu\/index.php?rest_route=\/wp\/v2\/product"}],"about":[{"href":"https:\/\/elanticuario.eu\/index.php?rest_route=\/wp\/v2\/types\/product"}],"replies":[{"embeddable":true,"href":"https:\/\/elanticuario.eu\/index.php?rest_route=%2Fwp%2Fv2%2Fcomments&post=1521"}],"wp:featuredmedia":[{"embeddable":true,"href":"https:\/\/elanticuario.eu\/index.php?rest_route=\/wp\/v2\/media\/1118"}],"wp:attachment":[{"href":"https:\/\/elanticuario.eu\/index.php?rest_route=%2Fwp%2Fv2%2Fmedia&parent=1521"}],"wp:term":[{"taxonomy":"product_cat","embeddable":true,"href":"https:\/\/elanticuario.eu\/index.php?rest_route=%2Fwp%2Fv2%2Fproduct_cat&post=1521"},{"taxonomy":"product_tag","embeddable":true,"href":"https:\/\/elanticuario.eu\/index.php?rest_route=%2Fwp%2Fv2%2Fproduct_tag&post=1521"}],"curies":[{"name":"wp","href":"https:\/\/api.w.org\/{rel}","templated":true}]}}