{"id":1533,"date":"2015-01-08T21:19:36","date_gmt":"2015-01-08T21:19:36","guid":{"rendered":"http:\/\/elanticuario.eu\/?post_type=product&#038;p=1533"},"modified":"2022-12-11T19:02:26","modified_gmt":"2022-12-11T19:02:26","slug":"la-ciencia-en-la-escuela","status":"publish","type":"product","link":"https:\/\/elanticuario.eu\/?product=la-ciencia-en-la-escuela","title":{"rendered":"La Ciencia en la Escuela"},"content":{"rendered":"<p>Libro de lectura y de iniciaci\u00f3n al estudio de la F\u00edsica, Qu\u00edmica e Historia Natural.<\/p>\n<p>3\u00aa edici\u00f3n. 1926<\/p>\n<p>Excelentes ilustraciones.<\/p>\n<p>Gastos de envio incluidos.<\/p>\n<p>&nbsp;<\/p>\n<p>&nbsp;<\/p>\n<p>&nbsp;<\/p>\n","protected":false},"excerpt":{"rendered":"<p class=\"excerpt\">Libro de lectura y de iniciaci\u00f3n al estudio de la F\u00edsica, Qu\u00edmica e Historia Natural. 3\u00aa edici\u00f3n. 1926 Excelentes ilustraciones. Gastos de envio incluidos. &nbsp; &nbsp; &nbsp; <a href=\"https:\/\/elanticuario.eu\/?product=la-ciencia-en-la-escuela\">Leer m\u00e1s &rarr;<\/a><\/p>\n","protected":false},"featured_media":1077,"comment_status":"open","ping_status":"closed","template":"","meta":[],"product_cat":[6],"product_tag":[],"class_list":{"0":"post-1533","1":"product","2":"type-product","3":"status-publish","4":"has-post-thumbnail","6":"product_cat-libros-antiguos-de-escuela","7":"xfolkentry","9":"first","10":"instock","11":"shipping-taxable","12":"purchasable","13":"product-type-simple"},"_links":{"self":[{"href":"https:\/\/elanticuario.eu\/index.php?rest_route=\/wp\/v2\/product\/1533","targetHints":{"allow":["GET"]}}],"collection":[{"href":"https:\/\/elanticuario.eu\/index.php?rest_route=\/wp\/v2\/product"}],"about":[{"href":"https:\/\/elanticuario.eu\/index.php?rest_route=\/wp\/v2\/types\/product"}],"replies":[{"embeddable":true,"href":"https:\/\/elanticuario.eu\/index.php?rest_route=%2Fwp%2Fv2%2Fcomments&post=1533"}],"wp:featuredmedia":[{"embeddable":true,"href":"https:\/\/elanticuario.eu\/index.php?rest_route=\/wp\/v2\/media\/1077"}],"wp:attachment":[{"href":"https:\/\/elanticuario.eu\/index.php?rest_route=%2Fwp%2Fv2%2Fmedia&parent=1533"}],"wp:term":[{"taxonomy":"product_cat","embeddable":true,"href":"https:\/\/elanticuario.eu\/index.php?rest_route=%2Fwp%2Fv2%2Fproduct_cat&post=1533"},{"taxonomy":"product_tag","embeddable":true,"href":"https:\/\/elanticuario.eu\/index.php?rest_route=%2Fwp%2Fv2%2Fproduct_tag&post=1533"}],"curies":[{"name":"wp","href":"https:\/\/api.w.org\/{rel}","templated":true}]}}