{"id":1550,"date":"2015-01-10T21:46:00","date_gmt":"2015-01-10T21:46:00","guid":{"rendered":"http:\/\/elanticuario.eu\/?post_type=product&#038;p=1550"},"modified":"2022-12-11T18:52:01","modified_gmt":"2022-12-11T18:52:01","slug":"la-nueva-emocion-de-espana","status":"publish","type":"product","link":"https:\/\/elanticuario.eu\/?product=la-nueva-emocion-de-espana","title":{"rendered":"La nueva emoci\u00f3n de Espa\u00f1a"},"content":{"rendered":"<p>Libro de cultura patri\u00f3tica popular.<\/p>\n<p>Editado en Burgos en 1938.<\/p>\n<p>400 p\u00e1ginas. \u00a0Bien conservado.<\/p>\n<p>Gastos de envio incluidos.<\/p>\n","protected":false},"excerpt":{"rendered":"<p class=\"excerpt\">Libro de cultura patri\u00f3tica popular. Editado en Burgos en 1938. 400 p\u00e1ginas. \u00a0Bien conservado. Gastos de envio incluidos. <a href=\"https:\/\/elanticuario.eu\/?product=la-nueva-emocion-de-espana\">Leer m\u00e1s &rarr;<\/a><\/p>\n","protected":false},"featured_media":1036,"comment_status":"open","ping_status":"closed","template":"","meta":[],"product_cat":[6],"product_tag":[],"class_list":{"0":"post-1550","1":"product","2":"type-product","3":"status-publish","4":"has-post-thumbnail","6":"product_cat-libros-antiguos-de-escuela","7":"xfolkentry","9":"first","10":"instock","11":"shipping-taxable","12":"purchasable","13":"product-type-simple"},"_links":{"self":[{"href":"https:\/\/elanticuario.eu\/index.php?rest_route=\/wp\/v2\/product\/1550","targetHints":{"allow":["GET"]}}],"collection":[{"href":"https:\/\/elanticuario.eu\/index.php?rest_route=\/wp\/v2\/product"}],"about":[{"href":"https:\/\/elanticuario.eu\/index.php?rest_route=\/wp\/v2\/types\/product"}],"replies":[{"embeddable":true,"href":"https:\/\/elanticuario.eu\/index.php?rest_route=%2Fwp%2Fv2%2Fcomments&post=1550"}],"wp:featuredmedia":[{"embeddable":true,"href":"https:\/\/elanticuario.eu\/index.php?rest_route=\/wp\/v2\/media\/1036"}],"wp:attachment":[{"href":"https:\/\/elanticuario.eu\/index.php?rest_route=%2Fwp%2Fv2%2Fmedia&parent=1550"}],"wp:term":[{"taxonomy":"product_cat","embeddable":true,"href":"https:\/\/elanticuario.eu\/index.php?rest_route=%2Fwp%2Fv2%2Fproduct_cat&post=1550"},{"taxonomy":"product_tag","embeddable":true,"href":"https:\/\/elanticuario.eu\/index.php?rest_route=%2Fwp%2Fv2%2Fproduct_tag&post=1550"}],"curies":[{"name":"wp","href":"https:\/\/api.w.org\/{rel}","templated":true}]}}