{"id":1558,"date":"2015-01-10T22:32:42","date_gmt":"2015-01-10T22:32:42","guid":{"rendered":"http:\/\/elanticuario.eu\/?post_type=product&#038;p=1558"},"modified":"2022-12-11T18:45:09","modified_gmt":"2022-12-11T18:45:09","slug":"imagenes-de-espana","status":"publish","type":"product","link":"https:\/\/elanticuario.eu\/?product=imagenes-de-espana","title":{"rendered":"Im\u00e1genes de Espa\u00f1a"},"content":{"rendered":"<p>Editorial Salvatella. Barcelona. 1962<\/p>\n<p>Recopilaci\u00f3n de motivos nacionales y de cromos para pegar en los espacios destinados a ello.<\/p>\n<p>Buen estado de conservaci\u00f3n.<\/p>\n<p>58 p\u00e1ginas. Im\u00e1genes excelentes.<\/p>\n<p>Gastos de envio incluidos.<\/p>\n","protected":false},"excerpt":{"rendered":"<p class=\"excerpt\">Editorial Salvatella. Barcelona. 1962 Recopilaci\u00f3n de motivos nacionales y de cromos para pegar en los espacios destinados a ello. Buen estado de conservaci\u00f3n. 58 p\u00e1ginas. Im\u00e1genes excelentes. Gastos de envio incluidos. <a href=\"https:\/\/elanticuario.eu\/?product=imagenes-de-espana\">Leer m\u00e1s &rarr;<\/a><\/p>\n","protected":false},"featured_media":796,"comment_status":"open","ping_status":"closed","template":"","meta":[],"product_cat":[6],"product_tag":[],"class_list":{"0":"post-1558","1":"product","2":"type-product","3":"status-publish","4":"has-post-thumbnail","6":"product_cat-libros-antiguos-de-escuela","7":"xfolkentry","9":"first","10":"instock","11":"shipping-taxable","12":"purchasable","13":"product-type-simple"},"_links":{"self":[{"href":"https:\/\/elanticuario.eu\/index.php?rest_route=\/wp\/v2\/product\/1558","targetHints":{"allow":["GET"]}}],"collection":[{"href":"https:\/\/elanticuario.eu\/index.php?rest_route=\/wp\/v2\/product"}],"about":[{"href":"https:\/\/elanticuario.eu\/index.php?rest_route=\/wp\/v2\/types\/product"}],"replies":[{"embeddable":true,"href":"https:\/\/elanticuario.eu\/index.php?rest_route=%2Fwp%2Fv2%2Fcomments&post=1558"}],"wp:featuredmedia":[{"embeddable":true,"href":"https:\/\/elanticuario.eu\/index.php?rest_route=\/wp\/v2\/media\/796"}],"wp:attachment":[{"href":"https:\/\/elanticuario.eu\/index.php?rest_route=%2Fwp%2Fv2%2Fmedia&parent=1558"}],"wp:term":[{"taxonomy":"product_cat","embeddable":true,"href":"https:\/\/elanticuario.eu\/index.php?rest_route=%2Fwp%2Fv2%2Fproduct_cat&post=1558"},{"taxonomy":"product_tag","embeddable":true,"href":"https:\/\/elanticuario.eu\/index.php?rest_route=%2Fwp%2Fv2%2Fproduct_tag&post=1558"}],"curies":[{"name":"wp","href":"https:\/\/api.w.org\/{rel}","templated":true}]}}