{"id":1582,"date":"2015-01-11T22:02:50","date_gmt":"2015-01-11T22:02:50","guid":{"rendered":"http:\/\/elanticuario.eu\/?post_type=product&#038;p=1582"},"modified":"2022-12-11T17:56:01","modified_gmt":"2022-12-11T17:56:01","slug":"grado-medio","status":"publish","type":"product","link":"https:\/\/elanticuario.eu\/?product=grado-medio","title":{"rendered":"Grado Medio"},"content":{"rendered":"<p>Libro del alumno. Recapitulaci\u00f3n de conocimientos elementales: Ar\u00edtm\u00e9tica, Gram\u00e1tica, Geograf\u00eda, etc<\/p>\n<p>18\u00aa edici\u00f3n. \u00a0\u00a0Tipografia Porcel. 1952<\/p>\n<p>Gastos de envio incluidos.<\/p>\n<p>&nbsp;<\/p>\n","protected":false},"excerpt":{"rendered":"<p class=\"excerpt\">Libro del alumno. Recapitulaci\u00f3n de conocimientos elementales: Ar\u00edtm\u00e9tica, Gram\u00e1tica, Geograf\u00eda, etc 18\u00aa edici\u00f3n. \u00a0\u00a0Tipografia Porcel. 1952 Gastos de envio incluidos. &nbsp; <a href=\"https:\/\/elanticuario.eu\/?product=grado-medio\">Leer m\u00e1s &rarr;<\/a><\/p>\n","protected":false},"featured_media":694,"comment_status":"open","ping_status":"closed","template":"","meta":[],"product_cat":[6],"product_tag":[],"class_list":{"0":"post-1582","1":"product","2":"type-product","3":"status-publish","4":"has-post-thumbnail","6":"product_cat-libros-antiguos-de-escuela","7":"xfolkentry","9":"first","10":"instock","11":"shipping-taxable","12":"purchasable","13":"product-type-simple"},"_links":{"self":[{"href":"https:\/\/elanticuario.eu\/index.php?rest_route=\/wp\/v2\/product\/1582","targetHints":{"allow":["GET"]}}],"collection":[{"href":"https:\/\/elanticuario.eu\/index.php?rest_route=\/wp\/v2\/product"}],"about":[{"href":"https:\/\/elanticuario.eu\/index.php?rest_route=\/wp\/v2\/types\/product"}],"replies":[{"embeddable":true,"href":"https:\/\/elanticuario.eu\/index.php?rest_route=%2Fwp%2Fv2%2Fcomments&post=1582"}],"wp:featuredmedia":[{"embeddable":true,"href":"https:\/\/elanticuario.eu\/index.php?rest_route=\/wp\/v2\/media\/694"}],"wp:attachment":[{"href":"https:\/\/elanticuario.eu\/index.php?rest_route=%2Fwp%2Fv2%2Fmedia&parent=1582"}],"wp:term":[{"taxonomy":"product_cat","embeddable":true,"href":"https:\/\/elanticuario.eu\/index.php?rest_route=%2Fwp%2Fv2%2Fproduct_cat&post=1582"},{"taxonomy":"product_tag","embeddable":true,"href":"https:\/\/elanticuario.eu\/index.php?rest_route=%2Fwp%2Fv2%2Fproduct_tag&post=1582"}],"curies":[{"name":"wp","href":"https:\/\/api.w.org\/{rel}","templated":true}]}}