{"id":1586,"date":"2015-01-13T22:59:20","date_gmt":"2015-01-13T22:59:20","guid":{"rendered":"http:\/\/elanticuario.eu\/?post_type=product&#038;p=1586"},"modified":"2022-12-10T21:59:08","modified_gmt":"2022-12-10T21:59:08","slug":"grandes-caracteres","status":"publish","type":"product","link":"https:\/\/elanticuario.eu\/?product=grandes-caracteres","title":{"rendered":"Grandes  caracteres"},"content":{"rendered":"<p>Carlomagno, Almanzor, Leonardo Da Vinci,Cisneros, Napole\u00f3n, Gonzalo de C\u00f3rdoba.<\/p>\n<p>Editorial Dalmau, 1935<\/p>\n<p>Bien conservado<\/p>\n<p>Gastos de envio inclu\u00eddos.<\/p>\n","protected":false},"excerpt":{"rendered":"<p class=\"excerpt\">Carlomagno, Almanzor, Leonardo Da Vinci,Cisneros, Napole\u00f3n, Gonzalo de C\u00f3rdoba. Editorial Dalmau, 1935 Bien conservado Gastos de envio inclu\u00eddos. <a href=\"https:\/\/elanticuario.eu\/?product=grandes-caracteres\">Leer m\u00e1s &rarr;<\/a><\/p>\n","protected":false},"featured_media":675,"comment_status":"open","ping_status":"closed","template":"","meta":[],"product_cat":[6],"product_tag":[],"class_list":{"0":"post-1586","1":"product","2":"type-product","3":"status-publish","4":"has-post-thumbnail","6":"product_cat-libros-antiguos-de-escuela","7":"xfolkentry","9":"first","10":"instock","11":"shipping-taxable","12":"purchasable","13":"product-type-simple"},"_links":{"self":[{"href":"https:\/\/elanticuario.eu\/index.php?rest_route=\/wp\/v2\/product\/1586","targetHints":{"allow":["GET"]}}],"collection":[{"href":"https:\/\/elanticuario.eu\/index.php?rest_route=\/wp\/v2\/product"}],"about":[{"href":"https:\/\/elanticuario.eu\/index.php?rest_route=\/wp\/v2\/types\/product"}],"replies":[{"embeddable":true,"href":"https:\/\/elanticuario.eu\/index.php?rest_route=%2Fwp%2Fv2%2Fcomments&post=1586"}],"wp:featuredmedia":[{"embeddable":true,"href":"https:\/\/elanticuario.eu\/index.php?rest_route=\/wp\/v2\/media\/675"}],"wp:attachment":[{"href":"https:\/\/elanticuario.eu\/index.php?rest_route=%2Fwp%2Fv2%2Fmedia&parent=1586"}],"wp:term":[{"taxonomy":"product_cat","embeddable":true,"href":"https:\/\/elanticuario.eu\/index.php?rest_route=%2Fwp%2Fv2%2Fproduct_cat&post=1586"},{"taxonomy":"product_tag","embeddable":true,"href":"https:\/\/elanticuario.eu\/index.php?rest_route=%2Fwp%2Fv2%2Fproduct_tag&post=1586"}],"curies":[{"name":"wp","href":"https:\/\/api.w.org\/{rel}","templated":true}]}}