{"id":1595,"date":"2015-01-14T22:04:33","date_gmt":"2015-01-14T22:04:33","guid":{"rendered":"http:\/\/elanticuario.eu\/?post_type=product&#038;p=1595"},"modified":"2022-12-10T21:53:40","modified_gmt":"2022-12-10T21:53:40","slug":"elementos-de-geografia-1o-y-2o-grado","status":"publish","type":"product","link":"https:\/\/elanticuario.eu\/?product=elementos-de-geografia-1o-y-2o-grado","title":{"rendered":"Elementos de Geograf\u00eda. 1\u00ba y 2\u00ba grado"},"content":{"rendered":"<p>Editorial del Coraz\u00f3n de Mar\u00eda.<\/p>\n<p>Editado el a\u00f1o en que Espa\u00f1a ten\u00eda 22 millones de habitantes.<\/p>\n<p>Aceptable estado de conservaci\u00f3n.<\/p>\n<p>Gastos de envio inclu\u00eddos.<\/p>\n","protected":false},"excerpt":{"rendered":"<p class=\"excerpt\">Editorial del Coraz\u00f3n de Mar\u00eda. Editado el a\u00f1o en que Espa\u00f1a ten\u00eda 22 millones de habitantes. Aceptable estado de conservaci\u00f3n. Gastos de envio inclu\u00eddos. <a href=\"https:\/\/elanticuario.eu\/?product=elementos-de-geografia-1o-y-2o-grado\">Leer m\u00e1s &rarr;<\/a><\/p>\n","protected":false},"featured_media":727,"comment_status":"open","ping_status":"closed","template":"","meta":[],"product_cat":[6],"product_tag":[],"class_list":{"0":"post-1595","1":"product","2":"type-product","3":"status-publish","4":"has-post-thumbnail","6":"product_cat-libros-antiguos-de-escuela","7":"xfolkentry","9":"first","10":"instock","11":"shipping-taxable","12":"purchasable","13":"product-type-simple"},"_links":{"self":[{"href":"https:\/\/elanticuario.eu\/index.php?rest_route=\/wp\/v2\/product\/1595","targetHints":{"allow":["GET"]}}],"collection":[{"href":"https:\/\/elanticuario.eu\/index.php?rest_route=\/wp\/v2\/product"}],"about":[{"href":"https:\/\/elanticuario.eu\/index.php?rest_route=\/wp\/v2\/types\/product"}],"replies":[{"embeddable":true,"href":"https:\/\/elanticuario.eu\/index.php?rest_route=%2Fwp%2Fv2%2Fcomments&post=1595"}],"wp:featuredmedia":[{"embeddable":true,"href":"https:\/\/elanticuario.eu\/index.php?rest_route=\/wp\/v2\/media\/727"}],"wp:attachment":[{"href":"https:\/\/elanticuario.eu\/index.php?rest_route=%2Fwp%2Fv2%2Fmedia&parent=1595"}],"wp:term":[{"taxonomy":"product_cat","embeddable":true,"href":"https:\/\/elanticuario.eu\/index.php?rest_route=%2Fwp%2Fv2%2Fproduct_cat&post=1595"},{"taxonomy":"product_tag","embeddable":true,"href":"https:\/\/elanticuario.eu\/index.php?rest_route=%2Fwp%2Fv2%2Fproduct_tag&post=1595"}],"curies":[{"name":"wp","href":"https:\/\/api.w.org\/{rel}","templated":true}]}}