{"id":1599,"date":"2015-01-18T18:42:26","date_gmt":"2015-01-18T18:42:26","guid":{"rendered":"http:\/\/elanticuario.eu\/?post_type=product&#038;p=1599"},"modified":"2022-12-10T21:51:52","modified_gmt":"2022-12-10T21:51:52","slug":"faro-enciclopedia-escolar","status":"publish","type":"product","link":"https:\/\/elanticuario.eu\/?product=faro-enciclopedia-escolar","title":{"rendered":"Faro. Enciclopedia escolar"},"content":{"rendered":"<p>Para ni\u00f1os de 10-12 a\u00f1os.<\/p>\n<p>Editorial S\u00e1nches Rodrigo. C\u00e1ceres. 1963.<\/p>\n<p>718 p\u00e1ginas.<\/p>\n<p>Buen estado de conservaci\u00f3n. Algunas hojas incompletas (cortadas parcialmente)<\/p>\n<p>Gastos de envio inclu\u00eddos.<\/p>\n","protected":false},"excerpt":{"rendered":"<p class=\"excerpt\">Para ni\u00f1os de 10-12 a\u00f1os. Editorial S\u00e1nches Rodrigo. C\u00e1ceres. 1963. 718 p\u00e1ginas. Buen estado de conservaci\u00f3n. Algunas hojas incompletas (cortadas parcialmente) Gastos de envio inclu\u00eddos. <a href=\"https:\/\/elanticuario.eu\/?product=faro-enciclopedia-escolar\">Leer m\u00e1s &rarr;<\/a><\/p>\n","protected":false},"featured_media":647,"comment_status":"open","ping_status":"closed","template":"","meta":[],"product_cat":[6],"product_tag":[],"class_list":{"0":"post-1599","1":"product","2":"type-product","3":"status-publish","4":"has-post-thumbnail","6":"product_cat-libros-antiguos-de-escuela","7":"xfolkentry","9":"first","10":"instock","11":"shipping-taxable","12":"purchasable","13":"product-type-simple"},"_links":{"self":[{"href":"https:\/\/elanticuario.eu\/index.php?rest_route=\/wp\/v2\/product\/1599","targetHints":{"allow":["GET"]}}],"collection":[{"href":"https:\/\/elanticuario.eu\/index.php?rest_route=\/wp\/v2\/product"}],"about":[{"href":"https:\/\/elanticuario.eu\/index.php?rest_route=\/wp\/v2\/types\/product"}],"replies":[{"embeddable":true,"href":"https:\/\/elanticuario.eu\/index.php?rest_route=%2Fwp%2Fv2%2Fcomments&post=1599"}],"wp:featuredmedia":[{"embeddable":true,"href":"https:\/\/elanticuario.eu\/index.php?rest_route=\/wp\/v2\/media\/647"}],"wp:attachment":[{"href":"https:\/\/elanticuario.eu\/index.php?rest_route=%2Fwp%2Fv2%2Fmedia&parent=1599"}],"wp:term":[{"taxonomy":"product_cat","embeddable":true,"href":"https:\/\/elanticuario.eu\/index.php?rest_route=%2Fwp%2Fv2%2Fproduct_cat&post=1599"},{"taxonomy":"product_tag","embeddable":true,"href":"https:\/\/elanticuario.eu\/index.php?rest_route=%2Fwp%2Fv2%2Fproduct_tag&post=1599"}],"curies":[{"name":"wp","href":"https:\/\/api.w.org\/{rel}","templated":true}]}}