{"id":1600,"date":"2015-01-18T18:47:47","date_gmt":"2015-01-18T18:47:47","guid":{"rendered":"http:\/\/elanticuario.eu\/?post_type=product&#038;p=1600"},"modified":"2022-12-10T21:51:07","modified_gmt":"2022-12-10T21:51:07","slug":"fabulas-educativas","status":"publish","type":"product","link":"https:\/\/elanticuario.eu\/?product=fabulas-educativas","title":{"rendered":"F\u00e1bulas educativas"},"content":{"rendered":"<p>Por Ezequiel Solana.<\/p>\n<p>Ed. Magisterio Espa\u00f1ol. Madrid. 1950\u00a0Tirada 8\u00aa<\/p>\n<p>108 F\u00e1bulas. 143 p\u00e1ginas<\/p>\n<p>Buen estado de conservaci\u00f3n.<\/p>\n<p>Gastos de envio inclu\u00eddos.<\/p>\n","protected":false},"excerpt":{"rendered":"<p class=\"excerpt\">Por Ezequiel Solana. Ed. Magisterio Espa\u00f1ol. Madrid. 1950\u00a0Tirada 8\u00aa 108 F\u00e1bulas. 143 p\u00e1ginas Buen estado de conservaci\u00f3n. Gastos de envio inclu\u00eddos. <a href=\"https:\/\/elanticuario.eu\/?product=fabulas-educativas\">Leer m\u00e1s &rarr;<\/a><\/p>\n","protected":false},"featured_media":650,"comment_status":"open","ping_status":"closed","template":"","meta":[],"product_cat":[6],"product_tag":[],"class_list":{"0":"post-1600","1":"product","2":"type-product","3":"status-publish","4":"has-post-thumbnail","6":"product_cat-libros-antiguos-de-escuela","7":"xfolkentry","9":"first","10":"instock","11":"shipping-taxable","12":"purchasable","13":"product-type-simple"},"_links":{"self":[{"href":"https:\/\/elanticuario.eu\/index.php?rest_route=\/wp\/v2\/product\/1600","targetHints":{"allow":["GET"]}}],"collection":[{"href":"https:\/\/elanticuario.eu\/index.php?rest_route=\/wp\/v2\/product"}],"about":[{"href":"https:\/\/elanticuario.eu\/index.php?rest_route=\/wp\/v2\/types\/product"}],"replies":[{"embeddable":true,"href":"https:\/\/elanticuario.eu\/index.php?rest_route=%2Fwp%2Fv2%2Fcomments&post=1600"}],"wp:featuredmedia":[{"embeddable":true,"href":"https:\/\/elanticuario.eu\/index.php?rest_route=\/wp\/v2\/media\/650"}],"wp:attachment":[{"href":"https:\/\/elanticuario.eu\/index.php?rest_route=%2Fwp%2Fv2%2Fmedia&parent=1600"}],"wp:term":[{"taxonomy":"product_cat","embeddable":true,"href":"https:\/\/elanticuario.eu\/index.php?rest_route=%2Fwp%2Fv2%2Fproduct_cat&post=1600"},{"taxonomy":"product_tag","embeddable":true,"href":"https:\/\/elanticuario.eu\/index.php?rest_route=%2Fwp%2Fv2%2Fproduct_tag&post=1600"}],"curies":[{"name":"wp","href":"https:\/\/api.w.org\/{rel}","templated":true}]}}