{"id":1611,"date":"2015-01-18T21:48:20","date_gmt":"2015-01-18T21:48:20","guid":{"rendered":"http:\/\/elanticuario.eu\/?post_type=product&#038;p=1611"},"modified":"2022-12-10T21:41:17","modified_gmt":"2022-12-10T21:41:17","slug":"enciclopedia-alvatez_1o-grado","status":"publish","type":"product","link":"https:\/\/elanticuario.eu\/?product=enciclopedia-alvatez_1o-grado","title":{"rendered":"Enciclopedia Alvatez_1\u00ba grado"},"content":{"rendered":"<p>138 edici\u00f3n.<\/p>\n<p>Ilustraciones en color, del autor, Aguilar y Santana.<\/p>\n<p>Editada\u00a0 en Valladolid, 1963.<\/p>\n<p>Faltan las \u00faltimas 23 p\u00e1ginas. El resto en buen estado de conservaci\u00f3n.<\/p>\n","protected":false},"excerpt":{"rendered":"<p class=\"excerpt\">138 edici\u00f3n. Ilustraciones en color, del autor, Aguilar y Santana. Editada\u00a0 en Valladolid, 1963. Faltan las \u00faltimas 23 p\u00e1ginas. El resto en buen estado de conservaci\u00f3n. <a href=\"https:\/\/elanticuario.eu\/?product=enciclopedia-alvatez_1o-grado\">Leer m\u00e1s &rarr;<\/a><\/p>\n","protected":false},"featured_media":635,"comment_status":"open","ping_status":"closed","template":"","meta":[],"product_cat":[6],"product_tag":[],"class_list":{"0":"post-1611","1":"product","2":"type-product","3":"status-publish","4":"has-post-thumbnail","6":"product_cat-libros-antiguos-de-escuela","7":"xfolkentry","9":"first","10":"instock","11":"sale","12":"shipping-taxable","13":"purchasable","14":"product-type-simple"},"_links":{"self":[{"href":"https:\/\/elanticuario.eu\/index.php?rest_route=\/wp\/v2\/product\/1611","targetHints":{"allow":["GET"]}}],"collection":[{"href":"https:\/\/elanticuario.eu\/index.php?rest_route=\/wp\/v2\/product"}],"about":[{"href":"https:\/\/elanticuario.eu\/index.php?rest_route=\/wp\/v2\/types\/product"}],"replies":[{"embeddable":true,"href":"https:\/\/elanticuario.eu\/index.php?rest_route=%2Fwp%2Fv2%2Fcomments&post=1611"}],"wp:featuredmedia":[{"embeddable":true,"href":"https:\/\/elanticuario.eu\/index.php?rest_route=\/wp\/v2\/media\/635"}],"wp:attachment":[{"href":"https:\/\/elanticuario.eu\/index.php?rest_route=%2Fwp%2Fv2%2Fmedia&parent=1611"}],"wp:term":[{"taxonomy":"product_cat","embeddable":true,"href":"https:\/\/elanticuario.eu\/index.php?rest_route=%2Fwp%2Fv2%2Fproduct_cat&post=1611"},{"taxonomy":"product_tag","embeddable":true,"href":"https:\/\/elanticuario.eu\/index.php?rest_route=%2Fwp%2Fv2%2Fproduct_tag&post=1611"}],"curies":[{"name":"wp","href":"https:\/\/api.w.org\/{rel}","templated":true}]}}