{"id":1617,"date":"2015-01-19T20:43:28","date_gmt":"2015-01-19T20:43:28","guid":{"rendered":"http:\/\/elanticuario.eu\/?post_type=product&#038;p=1617"},"modified":"2022-12-10T21:38:51","modified_gmt":"2022-12-10T21:38:51","slug":"enciclopedia-1o-grado","status":"publish","type":"product","link":"https:\/\/elanticuario.eu\/?product=enciclopedia-1o-grado","title":{"rendered":"Enciclopedia 1\u00ba grado"},"content":{"rendered":"<p>Hijos de Santiago Rodr\u00edguez. Burgos 1956.<\/p>\n<p>Ilustraciones\u00a0 de Julio Algora.<\/p>\n<p>Para ni\u00f1os de 8 a 10 a\u00f1os.<\/p>\n<p>Libro en excelente estado de conservaci\u00f3n.<\/p>\n<p>&nbsp;<\/p>\n","protected":false},"excerpt":{"rendered":"<p class=\"excerpt\">Hijos de Santiago Rodr\u00edguez. Burgos 1956. Ilustraciones\u00a0 de Julio Algora. Para ni\u00f1os de 8 a 10 a\u00f1os. Libro en excelente estado de conservaci\u00f3n. &nbsp; <a href=\"https:\/\/elanticuario.eu\/?product=enciclopedia-1o-grado\">Leer m\u00e1s &rarr;<\/a><\/p>\n","protected":false},"featured_media":632,"comment_status":"open","ping_status":"closed","template":"","meta":[],"product_cat":[6],"product_tag":[],"class_list":{"0":"post-1617","1":"product","2":"type-product","3":"status-publish","4":"has-post-thumbnail","6":"product_cat-libros-antiguos-de-escuela","7":"xfolkentry","9":"first","10":"instock","11":"sale","12":"shipping-taxable","13":"purchasable","14":"product-type-simple"},"_links":{"self":[{"href":"https:\/\/elanticuario.eu\/index.php?rest_route=\/wp\/v2\/product\/1617","targetHints":{"allow":["GET"]}}],"collection":[{"href":"https:\/\/elanticuario.eu\/index.php?rest_route=\/wp\/v2\/product"}],"about":[{"href":"https:\/\/elanticuario.eu\/index.php?rest_route=\/wp\/v2\/types\/product"}],"replies":[{"embeddable":true,"href":"https:\/\/elanticuario.eu\/index.php?rest_route=%2Fwp%2Fv2%2Fcomments&post=1617"}],"wp:featuredmedia":[{"embeddable":true,"href":"https:\/\/elanticuario.eu\/index.php?rest_route=\/wp\/v2\/media\/632"}],"wp:attachment":[{"href":"https:\/\/elanticuario.eu\/index.php?rest_route=%2Fwp%2Fv2%2Fmedia&parent=1617"}],"wp:term":[{"taxonomy":"product_cat","embeddable":true,"href":"https:\/\/elanticuario.eu\/index.php?rest_route=%2Fwp%2Fv2%2Fproduct_cat&post=1617"},{"taxonomy":"product_tag","embeddable":true,"href":"https:\/\/elanticuario.eu\/index.php?rest_route=%2Fwp%2Fv2%2Fproduct_tag&post=1617"}],"curies":[{"name":"wp","href":"https:\/\/api.w.org\/{rel}","templated":true}]}}