{"id":1622,"date":"2015-01-19T21:07:50","date_gmt":"2015-01-19T21:07:50","guid":{"rendered":"http:\/\/elanticuario.eu\/?post_type=product&#038;p=1622"},"modified":"2022-12-10T21:35:31","modified_gmt":"2022-12-10T21:35:31","slug":"enciclopedia-autodidactica","status":"publish","type":"product","link":"https:\/\/elanticuario.eu\/?product=enciclopedia-autodidactica","title":{"rendered":"Enciclopedia Autodid\u00e1ctica"},"content":{"rendered":"<p>Con 1556 p\u00e1ginas y m\u00e1s de 1300 grabados.<\/p>\n<p>Editorial Dalmau Carles, Pla S.A.\u00a0 1948<\/p>\n<p>Libro en buen estado de conservaci\u00f3n.<\/p>\n<p>Gastos de envio incluidos.<\/p>\n","protected":false},"excerpt":{"rendered":"<p class=\"excerpt\">Con 1556 p\u00e1ginas y m\u00e1s de 1300 grabados. Editorial Dalmau Carles, Pla S.A.\u00a0 1948 Libro en buen estado de conservaci\u00f3n. Gastos de envio incluidos. <a href=\"https:\/\/elanticuario.eu\/?product=enciclopedia-autodidactica\">Leer m\u00e1s &rarr;<\/a><\/p>\n","protected":false},"featured_media":614,"comment_status":"open","ping_status":"closed","template":"","meta":[],"product_cat":[6],"product_tag":[],"class_list":{"0":"post-1622","1":"product","2":"type-product","3":"status-publish","4":"has-post-thumbnail","6":"product_cat-libros-antiguos-de-escuela","7":"xfolkentry","9":"first","10":"instock","11":"shipping-taxable","12":"purchasable","13":"product-type-simple"},"_links":{"self":[{"href":"https:\/\/elanticuario.eu\/index.php?rest_route=\/wp\/v2\/product\/1622","targetHints":{"allow":["GET"]}}],"collection":[{"href":"https:\/\/elanticuario.eu\/index.php?rest_route=\/wp\/v2\/product"}],"about":[{"href":"https:\/\/elanticuario.eu\/index.php?rest_route=\/wp\/v2\/types\/product"}],"replies":[{"embeddable":true,"href":"https:\/\/elanticuario.eu\/index.php?rest_route=%2Fwp%2Fv2%2Fcomments&post=1622"}],"wp:featuredmedia":[{"embeddable":true,"href":"https:\/\/elanticuario.eu\/index.php?rest_route=\/wp\/v2\/media\/614"}],"wp:attachment":[{"href":"https:\/\/elanticuario.eu\/index.php?rest_route=%2Fwp%2Fv2%2Fmedia&parent=1622"}],"wp:term":[{"taxonomy":"product_cat","embeddable":true,"href":"https:\/\/elanticuario.eu\/index.php?rest_route=%2Fwp%2Fv2%2Fproduct_cat&post=1622"},{"taxonomy":"product_tag","embeddable":true,"href":"https:\/\/elanticuario.eu\/index.php?rest_route=%2Fwp%2Fv2%2Fproduct_tag&post=1622"}],"curies":[{"name":"wp","href":"https:\/\/api.w.org\/{rel}","templated":true}]}}