{"id":1624,"date":"2015-01-19T21:18:21","date_gmt":"2015-01-19T21:18:21","guid":{"rendered":"http:\/\/elanticuario.eu\/?post_type=product&#038;p=1624"},"modified":"2022-12-10T21:33:29","modified_gmt":"2022-12-10T21:33:29","slug":"enciclopedia-2o-grado","status":"publish","type":"product","link":"https:\/\/elanticuario.eu\/?product=enciclopedia-2o-grado","title":{"rendered":"Enciclopedia 2\u00ba grado"},"content":{"rendered":"<p>Enciclopedia de la Primera Ense\u00f1anza.<\/p>\n<p>Editorial Saber. Escuelas P\u00edas de espa\u00f1a.\u00a0243 p\u00e1ginas.<\/p>\n<p>Valencia 1941.<\/p>\n<p>Estado de conservaci\u00f3n: Bueno.<\/p>\n<p>&nbsp;<\/p>\n","protected":false},"excerpt":{"rendered":"<p class=\"excerpt\">Enciclopedia de la Primera Ense\u00f1anza. Editorial Saber. Escuelas P\u00edas de espa\u00f1a.\u00a0243 p\u00e1ginas. Valencia 1941. Estado de conservaci\u00f3n: Bueno. &nbsp; <a href=\"https:\/\/elanticuario.eu\/?product=enciclopedia-2o-grado\">Leer m\u00e1s &rarr;<\/a><\/p>\n","protected":false},"featured_media":608,"comment_status":"open","ping_status":"closed","template":"","meta":[],"product_cat":[6],"product_tag":[],"class_list":{"0":"post-1624","1":"product","2":"type-product","3":"status-publish","4":"has-post-thumbnail","6":"product_cat-libros-antiguos-de-escuela","7":"xfolkentry","9":"first","10":"instock","11":"shipping-taxable","12":"purchasable","13":"product-type-simple"},"_links":{"self":[{"href":"https:\/\/elanticuario.eu\/index.php?rest_route=\/wp\/v2\/product\/1624","targetHints":{"allow":["GET"]}}],"collection":[{"href":"https:\/\/elanticuario.eu\/index.php?rest_route=\/wp\/v2\/product"}],"about":[{"href":"https:\/\/elanticuario.eu\/index.php?rest_route=\/wp\/v2\/types\/product"}],"replies":[{"embeddable":true,"href":"https:\/\/elanticuario.eu\/index.php?rest_route=%2Fwp%2Fv2%2Fcomments&post=1624"}],"wp:featuredmedia":[{"embeddable":true,"href":"https:\/\/elanticuario.eu\/index.php?rest_route=\/wp\/v2\/media\/608"}],"wp:attachment":[{"href":"https:\/\/elanticuario.eu\/index.php?rest_route=%2Fwp%2Fv2%2Fmedia&parent=1624"}],"wp:term":[{"taxonomy":"product_cat","embeddable":true,"href":"https:\/\/elanticuario.eu\/index.php?rest_route=%2Fwp%2Fv2%2Fproduct_cat&post=1624"},{"taxonomy":"product_tag","embeddable":true,"href":"https:\/\/elanticuario.eu\/index.php?rest_route=%2Fwp%2Fv2%2Fproduct_tag&post=1624"}],"curies":[{"name":"wp","href":"https:\/\/api.w.org\/{rel}","templated":true}]}}