{"id":1645,"date":"2015-01-21T17:48:30","date_gmt":"2015-01-21T17:48:30","guid":{"rendered":"http:\/\/elanticuario.eu\/?post_type=product&#038;p=1645"},"modified":"2022-12-08T21:46:15","modified_gmt":"2022-12-08T21:46:15","slug":"don-quijote-de-la-mancha-3","status":"publish","type":"product","link":"https:\/\/elanticuario.eu\/?product=don-quijote-de-la-mancha-3","title":{"rendered":"Don Quijote de la Mancha"},"content":{"rendered":"<p>Libreria y Casa Editorial Hernado. 1945<\/p>\n<p>19\u00aa edici\u00f3n.<\/p>\n<p>525 p\u00e1ginas.<\/p>\n<p>Libro con curiosas ilustraciones y en buen estado de conservaci\u00f3n.<\/p>\n<p>Gastos de envio incluidos.<\/p>\n","protected":false},"excerpt":{"rendered":"<p class=\"excerpt\">Libreria y Casa Editorial Hernado. 1945 19\u00aa edici\u00f3n. 525 p\u00e1ginas. Libro con curiosas ilustraciones y en buen estado de conservaci\u00f3n. Gastos de envio incluidos. <a href=\"https:\/\/elanticuario.eu\/?product=don-quijote-de-la-mancha-3\">Leer m\u00e1s &rarr;<\/a><\/p>\n","protected":false},"featured_media":549,"comment_status":"open","ping_status":"closed","template":"","meta":[],"product_cat":[6],"product_tag":[],"class_list":{"0":"post-1645","1":"product","2":"type-product","3":"status-publish","4":"has-post-thumbnail","6":"product_cat-libros-antiguos-de-escuela","7":"xfolkentry","9":"first","10":"instock","11":"shipping-taxable","12":"purchasable","13":"product-type-simple"},"_links":{"self":[{"href":"https:\/\/elanticuario.eu\/index.php?rest_route=\/wp\/v2\/product\/1645","targetHints":{"allow":["GET"]}}],"collection":[{"href":"https:\/\/elanticuario.eu\/index.php?rest_route=\/wp\/v2\/product"}],"about":[{"href":"https:\/\/elanticuario.eu\/index.php?rest_route=\/wp\/v2\/types\/product"}],"replies":[{"embeddable":true,"href":"https:\/\/elanticuario.eu\/index.php?rest_route=%2Fwp%2Fv2%2Fcomments&post=1645"}],"wp:featuredmedia":[{"embeddable":true,"href":"https:\/\/elanticuario.eu\/index.php?rest_route=\/wp\/v2\/media\/549"}],"wp:attachment":[{"href":"https:\/\/elanticuario.eu\/index.php?rest_route=%2Fwp%2Fv2%2Fmedia&parent=1645"}],"wp:term":[{"taxonomy":"product_cat","embeddable":true,"href":"https:\/\/elanticuario.eu\/index.php?rest_route=%2Fwp%2Fv2%2Fproduct_cat&post=1645"},{"taxonomy":"product_tag","embeddable":true,"href":"https:\/\/elanticuario.eu\/index.php?rest_route=%2Fwp%2Fv2%2Fproduct_tag&post=1645"}],"curies":[{"name":"wp","href":"https:\/\/api.w.org\/{rel}","templated":true}]}}