{"id":1651,"date":"2015-01-21T18:35:43","date_gmt":"2015-01-21T18:35:43","guid":{"rendered":"http:\/\/elanticuario.eu\/?post_type=product&#038;p=1651"},"modified":"2022-12-08T21:39:46","modified_gmt":"2022-12-08T21:39:46","slug":"cien-figuras-universales","status":"publish","type":"product","link":"https:\/\/elanticuario.eu\/?product=cien-figuras-universales","title":{"rendered":"Cien Figuras Universales"},"content":{"rendered":"<p>Obra de Antonio J. Onieva.<\/p>\n<p>Editorial Hijos deSantiago Rodr\u00edguez. Burgos, 1957<\/p>\n<p>205 p\u00e1ginas en buen estado de conservaci\u00f3n.<\/p>\n<p>Gastos de envio incluidos.<\/p>\n","protected":false},"excerpt":{"rendered":"<p class=\"excerpt\">Obra de Antonio J. Onieva. Editorial Hijos deSantiago Rodr\u00edguez. Burgos, 1957 205 p\u00e1ginas en buen estado de conservaci\u00f3n. Gastos de envio incluidos. <a href=\"https:\/\/elanticuario.eu\/?product=cien-figuras-universales\">Leer m\u00e1s &rarr;<\/a><\/p>\n","protected":false},"featured_media":535,"comment_status":"open","ping_status":"closed","template":"","meta":[],"product_cat":[6],"product_tag":[],"class_list":{"0":"post-1651","1":"product","2":"type-product","3":"status-publish","4":"has-post-thumbnail","6":"product_cat-libros-antiguos-de-escuela","7":"xfolkentry","9":"first","10":"instock","11":"shipping-taxable","12":"purchasable","13":"product-type-simple"},"_links":{"self":[{"href":"https:\/\/elanticuario.eu\/index.php?rest_route=\/wp\/v2\/product\/1651","targetHints":{"allow":["GET"]}}],"collection":[{"href":"https:\/\/elanticuario.eu\/index.php?rest_route=\/wp\/v2\/product"}],"about":[{"href":"https:\/\/elanticuario.eu\/index.php?rest_route=\/wp\/v2\/types\/product"}],"replies":[{"embeddable":true,"href":"https:\/\/elanticuario.eu\/index.php?rest_route=%2Fwp%2Fv2%2Fcomments&post=1651"}],"wp:featuredmedia":[{"embeddable":true,"href":"https:\/\/elanticuario.eu\/index.php?rest_route=\/wp\/v2\/media\/535"}],"wp:attachment":[{"href":"https:\/\/elanticuario.eu\/index.php?rest_route=%2Fwp%2Fv2%2Fmedia&parent=1651"}],"wp:term":[{"taxonomy":"product_cat","embeddable":true,"href":"https:\/\/elanticuario.eu\/index.php?rest_route=%2Fwp%2Fv2%2Fproduct_cat&post=1651"},{"taxonomy":"product_tag","embeddable":true,"href":"https:\/\/elanticuario.eu\/index.php?rest_route=%2Fwp%2Fv2%2Fproduct_tag&post=1651"}],"curies":[{"name":"wp","href":"https:\/\/api.w.org\/{rel}","templated":true}]}}