{"id":1653,"date":"2015-01-21T18:49:56","date_gmt":"2015-01-21T18:49:56","guid":{"rendered":"http:\/\/elanticuario.eu\/?post_type=product&#038;p=1653"},"modified":"2022-12-08T21:36:26","modified_gmt":"2022-12-08T21:36:26","slug":"cuentos-selectos","status":"publish","type":"product","link":"https:\/\/elanticuario.eu\/?product=cuentos-selectos","title":{"rendered":"Cuentos Selectos"},"content":{"rendered":"<p>Editorial Magisterio Espa\u00f1ol. Tomo I.<\/p>\n<p>Editorial Magisterio espa\u00f1ol.<\/p>\n<p>Retratos a pluma de Eduardo Narbona<\/p>\n<p>95 p\u00e1ginas en estado aceptable (excepto la portada posterior)<\/p>\n<p>Gastos de envio incluidos.<\/p>\n","protected":false},"excerpt":{"rendered":"<p class=\"excerpt\">Editorial Magisterio Espa\u00f1ol. Tomo I. Editorial Magisterio espa\u00f1ol. Retratos a pluma de Eduardo Narbona 95 p\u00e1ginas en estado aceptable (excepto la portada posterior) Gastos de envio incluidos. <a href=\"https:\/\/elanticuario.eu\/?product=cuentos-selectos\">Leer m\u00e1s &rarr;<\/a><\/p>\n","protected":false},"featured_media":488,"comment_status":"open","ping_status":"closed","template":"","meta":[],"product_cat":[6],"product_tag":[],"class_list":{"0":"post-1653","1":"product","2":"type-product","3":"status-publish","4":"has-post-thumbnail","6":"product_cat-libros-antiguos-de-escuela","7":"xfolkentry","9":"first","10":"instock","11":"shipping-taxable","12":"purchasable","13":"product-type-simple"},"_links":{"self":[{"href":"https:\/\/elanticuario.eu\/index.php?rest_route=\/wp\/v2\/product\/1653","targetHints":{"allow":["GET"]}}],"collection":[{"href":"https:\/\/elanticuario.eu\/index.php?rest_route=\/wp\/v2\/product"}],"about":[{"href":"https:\/\/elanticuario.eu\/index.php?rest_route=\/wp\/v2\/types\/product"}],"replies":[{"embeddable":true,"href":"https:\/\/elanticuario.eu\/index.php?rest_route=%2Fwp%2Fv2%2Fcomments&post=1653"}],"wp:featuredmedia":[{"embeddable":true,"href":"https:\/\/elanticuario.eu\/index.php?rest_route=\/wp\/v2\/media\/488"}],"wp:attachment":[{"href":"https:\/\/elanticuario.eu\/index.php?rest_route=%2Fwp%2Fv2%2Fmedia&parent=1653"}],"wp:term":[{"taxonomy":"product_cat","embeddable":true,"href":"https:\/\/elanticuario.eu\/index.php?rest_route=%2Fwp%2Fv2%2Fproduct_cat&post=1653"},{"taxonomy":"product_tag","embeddable":true,"href":"https:\/\/elanticuario.eu\/index.php?rest_route=%2Fwp%2Fv2%2Fproduct_tag&post=1653"}],"curies":[{"name":"wp","href":"https:\/\/api.w.org\/{rel}","templated":true}]}}