{"id":1657,"date":"2015-01-21T19:18:59","date_gmt":"2015-01-21T19:18:59","guid":{"rendered":"http:\/\/elanticuario.eu\/?post_type=product&#038;p=1657"},"modified":"2022-12-08T21:32:25","modified_gmt":"2022-12-08T21:32:25","slug":"cuarto-libro-de-lecturas","status":"publish","type":"product","link":"https:\/\/elanticuario.eu\/?product=cuarto-libro-de-lecturas","title":{"rendered":"Cuarto Libro de Lecturas"},"content":{"rendered":"<p>&nbsp;<\/p>\n<p>Lecturas variadas con ejercicios para la redacci\u00f3n<\/p>\n<p>3\u00aa Edici\u00f3n. 262 p\u00e1ginas con grabados<\/p>\n<p>Tipograf\u00eda San Carlos. Buenos Aires<\/p>\n<p>Gastos de envio incluidos.<\/p>\n","protected":false},"excerpt":{"rendered":"<p class=\"excerpt\">&nbsp; Lecturas variadas con ejercicios para la redacci\u00f3n 3\u00aa Edici\u00f3n. 262 p\u00e1ginas con grabados Tipograf\u00eda San Carlos. Buenos Aires Gastos de envio incluidos. <a href=\"https:\/\/elanticuario.eu\/?product=cuarto-libro-de-lecturas\">Leer m\u00e1s &rarr;<\/a><\/p>\n","protected":false},"featured_media":491,"comment_status":"open","ping_status":"closed","template":"","meta":[],"product_cat":[6],"product_tag":[],"class_list":{"0":"post-1657","1":"product","2":"type-product","3":"status-publish","4":"has-post-thumbnail","6":"product_cat-libros-antiguos-de-escuela","7":"xfolkentry","9":"first","10":"instock","11":"shipping-taxable","12":"purchasable","13":"product-type-simple"},"_links":{"self":[{"href":"https:\/\/elanticuario.eu\/index.php?rest_route=\/wp\/v2\/product\/1657","targetHints":{"allow":["GET"]}}],"collection":[{"href":"https:\/\/elanticuario.eu\/index.php?rest_route=\/wp\/v2\/product"}],"about":[{"href":"https:\/\/elanticuario.eu\/index.php?rest_route=\/wp\/v2\/types\/product"}],"replies":[{"embeddable":true,"href":"https:\/\/elanticuario.eu\/index.php?rest_route=%2Fwp%2Fv2%2Fcomments&post=1657"}],"wp:featuredmedia":[{"embeddable":true,"href":"https:\/\/elanticuario.eu\/index.php?rest_route=\/wp\/v2\/media\/491"}],"wp:attachment":[{"href":"https:\/\/elanticuario.eu\/index.php?rest_route=%2Fwp%2Fv2%2Fmedia&parent=1657"}],"wp:term":[{"taxonomy":"product_cat","embeddable":true,"href":"https:\/\/elanticuario.eu\/index.php?rest_route=%2Fwp%2Fv2%2Fproduct_cat&post=1657"},{"taxonomy":"product_tag","embeddable":true,"href":"https:\/\/elanticuario.eu\/index.php?rest_route=%2Fwp%2Fv2%2Fproduct_tag&post=1657"}],"curies":[{"name":"wp","href":"https:\/\/api.w.org\/{rel}","templated":true}]}}