{"id":1665,"date":"2015-01-22T19:51:37","date_gmt":"2015-01-22T19:51:37","guid":{"rendered":"http:\/\/elanticuario.eu\/?post_type=product&#038;p=1665"},"modified":"2022-12-08T19:57:20","modified_gmt":"2022-12-08T19:57:20","slug":"aritmetica_1o-grado","status":"publish","type":"product","link":"https:\/\/elanticuario.eu\/?product=aritmetica_1o-grado","title":{"rendered":"Aritm\u00e9tica_1\u00ba grado"},"content":{"rendered":"<p>12\u00aa edici\u00f3n.<\/p>\n<p>Ediciones Bru\u00f1o. 1956<\/p>\n<p>Buen estado de conservaci\u00f3n. 230 pgs<\/p>\n<p>Gastos de envio incluidos<\/p>\n<p>&nbsp;<\/p>\n","protected":false},"excerpt":{"rendered":"<p class=\"excerpt\">12\u00aa edici\u00f3n. Ediciones Bru\u00f1o. 1956 Buen estado de conservaci\u00f3n. 230 pgs Gastos de envio incluidos &nbsp; <a href=\"https:\/\/elanticuario.eu\/?product=aritmetica_1o-grado\">Leer m\u00e1s &rarr;<\/a><\/p>\n","protected":false},"featured_media":458,"comment_status":"open","ping_status":"closed","template":"","meta":[],"product_cat":[6],"product_tag":[],"class_list":{"0":"post-1665","1":"product","2":"type-product","3":"status-publish","4":"has-post-thumbnail","6":"product_cat-libros-antiguos-de-escuela","7":"xfolkentry","9":"first","10":"instock","11":"shipping-taxable","12":"purchasable","13":"product-type-simple"},"_links":{"self":[{"href":"https:\/\/elanticuario.eu\/index.php?rest_route=\/wp\/v2\/product\/1665","targetHints":{"allow":["GET"]}}],"collection":[{"href":"https:\/\/elanticuario.eu\/index.php?rest_route=\/wp\/v2\/product"}],"about":[{"href":"https:\/\/elanticuario.eu\/index.php?rest_route=\/wp\/v2\/types\/product"}],"replies":[{"embeddable":true,"href":"https:\/\/elanticuario.eu\/index.php?rest_route=%2Fwp%2Fv2%2Fcomments&post=1665"}],"wp:featuredmedia":[{"embeddable":true,"href":"https:\/\/elanticuario.eu\/index.php?rest_route=\/wp\/v2\/media\/458"}],"wp:attachment":[{"href":"https:\/\/elanticuario.eu\/index.php?rest_route=%2Fwp%2Fv2%2Fmedia&parent=1665"}],"wp:term":[{"taxonomy":"product_cat","embeddable":true,"href":"https:\/\/elanticuario.eu\/index.php?rest_route=%2Fwp%2Fv2%2Fproduct_cat&post=1665"},{"taxonomy":"product_tag","embeddable":true,"href":"https:\/\/elanticuario.eu\/index.php?rest_route=%2Fwp%2Fv2%2Fproduct_tag&post=1665"}],"curies":[{"name":"wp","href":"https:\/\/api.w.org\/{rel}","templated":true}]}}