{"id":1677,"date":"2015-01-22T21:39:12","date_gmt":"2015-01-22T21:39:12","guid":{"rendered":"http:\/\/elanticuario.eu\/?post_type=product&#038;p=1677"},"modified":"2022-12-08T19:48:36","modified_gmt":"2022-12-08T19:48:36","slug":"aritmetica-y-algebra","status":"publish","type":"product","link":"https:\/\/elanticuario.eu\/?product=aritmetica-y-algebra","title":{"rendered":"Aritm\u00e9tica y Algebra"},"content":{"rendered":"<p>Aritm\u00e9tica y \u00c1lgebra. Geometr\u00eda, Trigonometr\u00eda y nociones de Topograf\u00eda.<\/p>\n<p>Madrid. Libreria de Gregorio Hernando. 1884<\/p>\n<p>Buen estado de conservaci\u00f3n. 370 p\u00e1ginas<\/p>\n<p>Gastos de envio incluidos<\/p>\n<p>&nbsp;<\/p>\n","protected":false},"excerpt":{"rendered":"<p class=\"excerpt\">Aritm\u00e9tica y \u00c1lgebra. Geometr\u00eda, Trigonometr\u00eda y nociones de Topograf\u00eda. Madrid. Libreria de Gregorio Hernando. 1884 Buen estado de conservaci\u00f3n. 370 p\u00e1ginas Gastos de envio incluidos &nbsp; <a href=\"https:\/\/elanticuario.eu\/?product=aritmetica-y-algebra\">Leer m\u00e1s &rarr;<\/a><\/p>\n","protected":false},"featured_media":843,"comment_status":"open","ping_status":"closed","template":"","meta":[],"product_cat":[6],"product_tag":[],"class_list":{"0":"post-1677","1":"product","2":"type-product","3":"status-publish","4":"has-post-thumbnail","6":"product_cat-libros-antiguos-de-escuela","7":"xfolkentry","9":"first","10":"instock","11":"sale","12":"shipping-taxable","13":"purchasable","14":"product-type-simple"},"_links":{"self":[{"href":"https:\/\/elanticuario.eu\/index.php?rest_route=\/wp\/v2\/product\/1677","targetHints":{"allow":["GET"]}}],"collection":[{"href":"https:\/\/elanticuario.eu\/index.php?rest_route=\/wp\/v2\/product"}],"about":[{"href":"https:\/\/elanticuario.eu\/index.php?rest_route=\/wp\/v2\/types\/product"}],"replies":[{"embeddable":true,"href":"https:\/\/elanticuario.eu\/index.php?rest_route=%2Fwp%2Fv2%2Fcomments&post=1677"}],"wp:featuredmedia":[{"embeddable":true,"href":"https:\/\/elanticuario.eu\/index.php?rest_route=\/wp\/v2\/media\/843"}],"wp:attachment":[{"href":"https:\/\/elanticuario.eu\/index.php?rest_route=%2Fwp%2Fv2%2Fmedia&parent=1677"}],"wp:term":[{"taxonomy":"product_cat","embeddable":true,"href":"https:\/\/elanticuario.eu\/index.php?rest_route=%2Fwp%2Fv2%2Fproduct_cat&post=1677"},{"taxonomy":"product_tag","embeddable":true,"href":"https:\/\/elanticuario.eu\/index.php?rest_route=%2Fwp%2Fv2%2Fproduct_tag&post=1677"}],"curies":[{"name":"wp","href":"https:\/\/api.w.org\/{rel}","templated":true}]}}