{"id":1709,"date":"2015-01-24T18:30:47","date_gmt":"2015-01-24T18:30:47","guid":{"rendered":"http:\/\/elanticuario.eu\/?post_type=product&#038;p=1709"},"modified":"2022-12-08T19:43:43","modified_gmt":"2022-12-08T19:43:43","slug":"compendio-de-ha-sagrada","status":"publish","type":"product","link":"https:\/\/elanticuario.eu\/?product=compendio-de-ha-sagrada","title":{"rendered":"Compendio de H\u00aa Sagrada"},"content":{"rendered":"<p>14\u00aa edici\u00f3n mejorada<\/p>\n<p>Editado por sucesores de Blas Cam\u00ed. Barcelona 1917.<\/p>\n<p>142 p\u00e1ginas con preguntas-respuestas en toda la obra.<\/p>\n<p>Gastos de envio incluidos<\/p>\n<p>&nbsp;<\/p>\n","protected":false},"excerpt":{"rendered":"<p class=\"excerpt\">14\u00aa edici\u00f3n mejorada Editado por sucesores de Blas Cam\u00ed. Barcelona 1917. 142 p\u00e1ginas con preguntas-respuestas en toda la obra. Gastos de envio incluidos &nbsp; <a href=\"https:\/\/elanticuario.eu\/?product=compendio-de-ha-sagrada\">Leer m\u00e1s &rarr;<\/a><\/p>\n","protected":false},"featured_media":1694,"comment_status":"open","ping_status":"closed","template":"","meta":[],"product_cat":[6],"product_tag":[],"class_list":{"0":"post-1709","1":"product","2":"type-product","3":"status-publish","4":"has-post-thumbnail","6":"product_cat-libros-antiguos-de-escuela","7":"xfolkentry","9":"first","10":"instock","11":"shipping-taxable","12":"purchasable","13":"product-type-simple"},"_links":{"self":[{"href":"https:\/\/elanticuario.eu\/index.php?rest_route=\/wp\/v2\/product\/1709","targetHints":{"allow":["GET"]}}],"collection":[{"href":"https:\/\/elanticuario.eu\/index.php?rest_route=\/wp\/v2\/product"}],"about":[{"href":"https:\/\/elanticuario.eu\/index.php?rest_route=\/wp\/v2\/types\/product"}],"replies":[{"embeddable":true,"href":"https:\/\/elanticuario.eu\/index.php?rest_route=%2Fwp%2Fv2%2Fcomments&post=1709"}],"wp:featuredmedia":[{"embeddable":true,"href":"https:\/\/elanticuario.eu\/index.php?rest_route=\/wp\/v2\/media\/1694"}],"wp:attachment":[{"href":"https:\/\/elanticuario.eu\/index.php?rest_route=%2Fwp%2Fv2%2Fmedia&parent=1709"}],"wp:term":[{"taxonomy":"product_cat","embeddable":true,"href":"https:\/\/elanticuario.eu\/index.php?rest_route=%2Fwp%2Fv2%2Fproduct_cat&post=1709"},{"taxonomy":"product_tag","embeddable":true,"href":"https:\/\/elanticuario.eu\/index.php?rest_route=%2Fwp%2Fv2%2Fproduct_tag&post=1709"}],"curies":[{"name":"wp","href":"https:\/\/api.w.org\/{rel}","templated":true}]}}