{"id":222,"date":"2014-12-02T22:16:02","date_gmt":"2014-12-02T22:16:02","guid":{"rendered":"http:\/\/elanticuario.eu\/?post_type=product&#038;p=222"},"modified":"2022-12-14T14:54:45","modified_gmt":"2022-12-14T14:54:45","slug":"roberto-alcazar_aventura-en","status":"publish","type":"product","link":"https:\/\/elanticuario.eu\/?product=roberto-alcazar_aventura-en","title":{"rendered":"Roberto Alc\u00e1zar y Pedr\u00edn. (22 n\u00fameros)"},"content":{"rendered":"<p>Ejemplares en buen estado.<\/p>\n<p>Precio para 1 ejemplar: 9 euros.<\/p>\n<p>Precio de los 22 ejemplares: 180 euros<\/p>\n<p>Gastos de envio incluidos.<\/p>\n","protected":false},"excerpt":{"rendered":"<p class=\"excerpt\">Ejemplares en buen estado. Precio para 1 ejemplar: 9 euros. Precio de los 22 ejemplares: 180 euros Gastos de envio incluidos. <a href=\"https:\/\/elanticuario.eu\/?product=roberto-alcazar_aventura-en\">Leer m\u00e1s &rarr;<\/a><\/p>\n","protected":false},"featured_media":2786,"comment_status":"open","ping_status":"closed","template":"","meta":[],"product_cat":[8],"product_tag":[],"class_list":{"0":"post-222","1":"product","2":"type-product","3":"status-publish","4":"has-post-thumbnail","6":"product_cat-comics","7":"xfolkentry","9":"first","10":"instock","11":"shipping-taxable","12":"purchasable","13":"product-type-simple"},"_links":{"self":[{"href":"https:\/\/elanticuario.eu\/index.php?rest_route=\/wp\/v2\/product\/222","targetHints":{"allow":["GET"]}}],"collection":[{"href":"https:\/\/elanticuario.eu\/index.php?rest_route=\/wp\/v2\/product"}],"about":[{"href":"https:\/\/elanticuario.eu\/index.php?rest_route=\/wp\/v2\/types\/product"}],"replies":[{"embeddable":true,"href":"https:\/\/elanticuario.eu\/index.php?rest_route=%2Fwp%2Fv2%2Fcomments&post=222"}],"wp:featuredmedia":[{"embeddable":true,"href":"https:\/\/elanticuario.eu\/index.php?rest_route=\/wp\/v2\/media\/2786"}],"wp:attachment":[{"href":"https:\/\/elanticuario.eu\/index.php?rest_route=%2Fwp%2Fv2%2Fmedia&parent=222"}],"wp:term":[{"taxonomy":"product_cat","embeddable":true,"href":"https:\/\/elanticuario.eu\/index.php?rest_route=%2Fwp%2Fv2%2Fproduct_cat&post=222"},{"taxonomy":"product_tag","embeddable":true,"href":"https:\/\/elanticuario.eu\/index.php?rest_route=%2Fwp%2Fv2%2Fproduct_tag&post=222"}],"curies":[{"name":"wp","href":"https:\/\/api.w.org\/{rel}","templated":true}]}}