{"id":2300,"date":"2015-02-15T21:14:53","date_gmt":"2015-02-15T21:14:53","guid":{"rendered":"http:\/\/elanticuario.eu\/?post_type=product&#038;p=2300"},"modified":"2015-02-15T21:14:53","modified_gmt":"2015-02-15T21:14:53","slug":"formacion-del-espiritu-nacional","status":"publish","type":"product","link":"https:\/\/elanticuario.eu\/?product=formacion-del-espiritu-nacional","title":{"rendered":"Formaci\u00f3n del Esp\u00edritu Nacional"},"content":{"rendered":"<p>Gr\u00e1ficas Canales. Madrid. 1955<\/p>\n<p>1\u00ba curso de bachillerato.<\/p>\n","protected":false},"excerpt":{"rendered":"<p class=\"excerpt\">Gr\u00e1ficas Canales. Madrid. 1955 1\u00ba curso de bachillerato. <a href=\"https:\/\/elanticuario.eu\/?product=formacion-del-espiritu-nacional\">Leer m\u00e1s &rarr;<\/a><\/p>\n","protected":false},"featured_media":2266,"comment_status":"open","ping_status":"closed","template":"","meta":[],"product_cat":[6],"product_tag":[],"class_list":{"0":"post-2300","1":"product","2":"type-product","3":"status-publish","4":"has-post-thumbnail","6":"product_cat-libros-antiguos-de-escuela","7":"xfolkentry","9":"first","10":"instock","11":"shipping-taxable","12":"purchasable","13":"product-type-simple"},"_links":{"self":[{"href":"https:\/\/elanticuario.eu\/index.php?rest_route=\/wp\/v2\/product\/2300","targetHints":{"allow":["GET"]}}],"collection":[{"href":"https:\/\/elanticuario.eu\/index.php?rest_route=\/wp\/v2\/product"}],"about":[{"href":"https:\/\/elanticuario.eu\/index.php?rest_route=\/wp\/v2\/types\/product"}],"replies":[{"embeddable":true,"href":"https:\/\/elanticuario.eu\/index.php?rest_route=%2Fwp%2Fv2%2Fcomments&post=2300"}],"wp:featuredmedia":[{"embeddable":true,"href":"https:\/\/elanticuario.eu\/index.php?rest_route=\/wp\/v2\/media\/2266"}],"wp:attachment":[{"href":"https:\/\/elanticuario.eu\/index.php?rest_route=%2Fwp%2Fv2%2Fmedia&parent=2300"}],"wp:term":[{"taxonomy":"product_cat","embeddable":true,"href":"https:\/\/elanticuario.eu\/index.php?rest_route=%2Fwp%2Fv2%2Fproduct_cat&post=2300"},{"taxonomy":"product_tag","embeddable":true,"href":"https:\/\/elanticuario.eu\/index.php?rest_route=%2Fwp%2Fv2%2Fproduct_tag&post=2300"}],"curies":[{"name":"wp","href":"https:\/\/api.w.org\/{rel}","templated":true}]}}