{"id":380,"date":"2014-12-31T17:45:01","date_gmt":"2014-12-31T17:45:01","guid":{"rendered":"http:\/\/elanticuario.eu\/?post_type=product&#038;p=380"},"modified":"2022-12-14T10:21:54","modified_gmt":"2022-12-14T10:21:54","slug":"tilin-tilin","status":"publish","type":"product","link":"https:\/\/elanticuario.eu\/?product=tilin-tilin","title":{"rendered":"\u00a1Til\u00edn Til\u00edn!"},"content":{"rendered":"<p>Libro de iniciaci\u00f3n a la lectura.<\/p>\n<p>Editorial SPES.\u00a0A\u00f1o 1956 (Barcelona)<\/p>\n<p>Estado: Usado.<\/p>\n<p>Gastos de envio incluidos.<\/p>\n","protected":false},"excerpt":{"rendered":"<p class=\"excerpt\">Libro de iniciaci\u00f3n a la lectura. Editorial SPES.\u00a0A\u00f1o 1956 (Barcelona) Estado: Usado. Gastos de envio incluidos. <a href=\"https:\/\/elanticuario.eu\/?product=tilin-tilin\">Leer m\u00e1s &rarr;<\/a><\/p>\n","protected":false},"featured_media":375,"comment_status":"open","ping_status":"closed","template":"","meta":[],"product_cat":[6],"product_tag":[],"class_list":{"0":"post-380","1":"product","2":"type-product","3":"status-publish","4":"has-post-thumbnail","6":"product_cat-libros-antiguos-de-escuela","7":"xfolkentry","9":"first","10":"instock","11":"shipping-taxable","12":"purchasable","13":"product-type-simple"},"_links":{"self":[{"href":"https:\/\/elanticuario.eu\/index.php?rest_route=\/wp\/v2\/product\/380","targetHints":{"allow":["GET"]}}],"collection":[{"href":"https:\/\/elanticuario.eu\/index.php?rest_route=\/wp\/v2\/product"}],"about":[{"href":"https:\/\/elanticuario.eu\/index.php?rest_route=\/wp\/v2\/types\/product"}],"replies":[{"embeddable":true,"href":"https:\/\/elanticuario.eu\/index.php?rest_route=%2Fwp%2Fv2%2Fcomments&post=380"}],"wp:featuredmedia":[{"embeddable":true,"href":"https:\/\/elanticuario.eu\/index.php?rest_route=\/wp\/v2\/media\/375"}],"wp:attachment":[{"href":"https:\/\/elanticuario.eu\/index.php?rest_route=%2Fwp%2Fv2%2Fmedia&parent=380"}],"wp:term":[{"taxonomy":"product_cat","embeddable":true,"href":"https:\/\/elanticuario.eu\/index.php?rest_route=%2Fwp%2Fv2%2Fproduct_cat&post=380"},{"taxonomy":"product_tag","embeddable":true,"href":"https:\/\/elanticuario.eu\/index.php?rest_route=%2Fwp%2Fv2%2Fproduct_tag&post=380"}],"curies":[{"name":"wp","href":"https:\/\/api.w.org\/{rel}","templated":true}]}}