{"id":3966,"date":"2016-01-17T07:45:10","date_gmt":"2016-01-17T07:45:10","guid":{"rendered":"http:\/\/elanticuario.eu\/?post_type=product&#038;p=3966"},"modified":"2022-12-04T18:44:42","modified_gmt":"2022-12-04T18:44:42","slug":"formacion-politico-social","status":"publish","type":"product","link":"https:\/\/elanticuario.eu\/?product=formacion-politico-social","title":{"rendered":"Formaci\u00f3n Pol\u00edtico-Social"},"content":{"rendered":"<p>Artes Gr\u00e1ficas Ibarra. Madrid 1963.<\/p>\n<p>92 pgs bien conservadas.<\/p>\n","protected":false},"excerpt":{"rendered":"<p class=\"excerpt\">Artes Gr\u00e1ficas Ibarra. Madrid 1963. 92 pgs bien conservadas. <a href=\"https:\/\/elanticuario.eu\/?product=formacion-politico-social\">Leer m\u00e1s &rarr;<\/a><\/p>\n","protected":false},"featured_media":3917,"comment_status":"open","ping_status":"closed","template":"","meta":[],"product_cat":[6],"product_tag":[],"class_list":{"0":"post-3966","1":"product","2":"type-product","3":"status-publish","4":"has-post-thumbnail","6":"product_cat-libros-antiguos-de-escuela","7":"xfolkentry","9":"first","10":"instock","11":"shipping-taxable","12":"purchasable","13":"product-type-simple"},"_links":{"self":[{"href":"https:\/\/elanticuario.eu\/index.php?rest_route=\/wp\/v2\/product\/3966","targetHints":{"allow":["GET"]}}],"collection":[{"href":"https:\/\/elanticuario.eu\/index.php?rest_route=\/wp\/v2\/product"}],"about":[{"href":"https:\/\/elanticuario.eu\/index.php?rest_route=\/wp\/v2\/types\/product"}],"replies":[{"embeddable":true,"href":"https:\/\/elanticuario.eu\/index.php?rest_route=%2Fwp%2Fv2%2Fcomments&post=3966"}],"wp:featuredmedia":[{"embeddable":true,"href":"https:\/\/elanticuario.eu\/index.php?rest_route=\/wp\/v2\/media\/3917"}],"wp:attachment":[{"href":"https:\/\/elanticuario.eu\/index.php?rest_route=%2Fwp%2Fv2%2Fmedia&parent=3966"}],"wp:term":[{"taxonomy":"product_cat","embeddable":true,"href":"https:\/\/elanticuario.eu\/index.php?rest_route=%2Fwp%2Fv2%2Fproduct_cat&post=3966"},{"taxonomy":"product_tag","embeddable":true,"href":"https:\/\/elanticuario.eu\/index.php?rest_route=%2Fwp%2Fv2%2Fproduct_tag&post=3966"}],"curies":[{"name":"wp","href":"https:\/\/api.w.org\/{rel}","templated":true}]}}