{"id":4789,"date":"2016-02-15T18:59:12","date_gmt":"2016-02-15T18:59:12","guid":{"rendered":"http:\/\/elanticuario.eu\/?post_type=product&#038;p=4789"},"modified":"2024-02-27T16:19:18","modified_gmt":"2024-02-27T16:19:18","slug":"album-de-postales","status":"publish","type":"product","link":"https:\/\/elanticuario.eu\/?product=album-de-postales","title":{"rendered":"Postales rom\u00e1nticas. ALBUM"},"content":{"rendered":"<p>Album de postales Rom\u00e1nticas. Entre los a\u00f1os 1906 y 1960.<\/p>\n<p>Precio para cada postal: 12 \u20ac (m\u00e1s 4 \u20ac de gastos de envio)<\/p>\n<p>Precio Album vacio: 25 \u20ac (m\u00e1s 6 de gastos de envio)<\/p>\n<p>Precio del albumen completo: 1500 euros<\/p>\n<p>&nbsp;<\/p>\n","protected":false},"excerpt":{"rendered":"<p class=\"excerpt\">Album de postales Rom\u00e1nticas. Entre los a\u00f1os 1906 y 1960. Precio para cada postal: 12 \u20ac (m\u00e1s 4 \u20ac de gastos de envio) Precio Album vacio: 25 \u20ac (m\u00e1s 6 de gastos de envio) Precio del albumen completo: 1500 euros &nbsp; <a href=\"https:\/\/elanticuario.eu\/?product=album-de-postales\">Leer m\u00e1s &rarr;<\/a><\/p>\n","protected":false},"featured_media":4740,"comment_status":"open","ping_status":"closed","template":"","meta":[],"product_cat":[22],"product_tag":[],"class_list":{"0":"post-4789","1":"product","2":"type-product","3":"status-publish","4":"has-post-thumbnail","6":"product_cat-postales","7":"xfolkentry","9":"first","10":"instock","11":"shipping-taxable","12":"purchasable","13":"product-type-simple"},"_links":{"self":[{"href":"https:\/\/elanticuario.eu\/index.php?rest_route=\/wp\/v2\/product\/4789","targetHints":{"allow":["GET"]}}],"collection":[{"href":"https:\/\/elanticuario.eu\/index.php?rest_route=\/wp\/v2\/product"}],"about":[{"href":"https:\/\/elanticuario.eu\/index.php?rest_route=\/wp\/v2\/types\/product"}],"replies":[{"embeddable":true,"href":"https:\/\/elanticuario.eu\/index.php?rest_route=%2Fwp%2Fv2%2Fcomments&post=4789"}],"wp:featuredmedia":[{"embeddable":true,"href":"https:\/\/elanticuario.eu\/index.php?rest_route=\/wp\/v2\/media\/4740"}],"wp:attachment":[{"href":"https:\/\/elanticuario.eu\/index.php?rest_route=%2Fwp%2Fv2%2Fmedia&parent=4789"}],"wp:term":[{"taxonomy":"product_cat","embeddable":true,"href":"https:\/\/elanticuario.eu\/index.php?rest_route=%2Fwp%2Fv2%2Fproduct_cat&post=4789"},{"taxonomy":"product_tag","embeddable":true,"href":"https:\/\/elanticuario.eu\/index.php?rest_route=%2Fwp%2Fv2%2Fproduct_tag&post=4789"}],"curies":[{"name":"wp","href":"https:\/\/api.w.org\/{rel}","templated":true}]}}