{"id":4794,"date":"2016-02-15T19:23:50","date_gmt":"2016-02-15T19:23:50","guid":{"rendered":"http:\/\/elanticuario.eu\/?post_type=product&#038;p=4794"},"modified":"2016-02-15T19:23:50","modified_gmt":"2016-02-15T19:23:50","slug":"titans","status":"publish","type":"product","link":"https:\/\/elanticuario.eu\/?product=titans","title":{"rendered":"Titans"},"content":{"rendered":"<p>Revista de superh\u00e9roes en franc\u00e9s.<\/p>\n<p>Gastos de env\u00edo: 5 \u20ac<\/p>\n","protected":false},"excerpt":{"rendered":"<p class=\"excerpt\">Revista de superh\u00e9roes en franc\u00e9s. Gastos de env\u00edo: 5 \u20ac <a href=\"https:\/\/elanticuario.eu\/?product=titans\">Leer m\u00e1s &rarr;<\/a><\/p>\n","protected":false},"featured_media":4768,"comment_status":"open","ping_status":"closed","template":"","meta":[],"product_cat":[8],"product_tag":[],"class_list":{"0":"post-4794","1":"product","2":"type-product","3":"status-publish","4":"has-post-thumbnail","6":"product_cat-comics","7":"xfolkentry","9":"first","10":"instock","11":"shipping-taxable","12":"purchasable","13":"product-type-simple"},"_links":{"self":[{"href":"https:\/\/elanticuario.eu\/index.php?rest_route=\/wp\/v2\/product\/4794","targetHints":{"allow":["GET"]}}],"collection":[{"href":"https:\/\/elanticuario.eu\/index.php?rest_route=\/wp\/v2\/product"}],"about":[{"href":"https:\/\/elanticuario.eu\/index.php?rest_route=\/wp\/v2\/types\/product"}],"replies":[{"embeddable":true,"href":"https:\/\/elanticuario.eu\/index.php?rest_route=%2Fwp%2Fv2%2Fcomments&post=4794"}],"wp:featuredmedia":[{"embeddable":true,"href":"https:\/\/elanticuario.eu\/index.php?rest_route=\/wp\/v2\/media\/4768"}],"wp:attachment":[{"href":"https:\/\/elanticuario.eu\/index.php?rest_route=%2Fwp%2Fv2%2Fmedia&parent=4794"}],"wp:term":[{"taxonomy":"product_cat","embeddable":true,"href":"https:\/\/elanticuario.eu\/index.php?rest_route=%2Fwp%2Fv2%2Fproduct_cat&post=4794"},{"taxonomy":"product_tag","embeddable":true,"href":"https:\/\/elanticuario.eu\/index.php?rest_route=%2Fwp%2Fv2%2Fproduct_tag&post=4794"}],"curies":[{"name":"wp","href":"https:\/\/api.w.org\/{rel}","templated":true}]}}