{"id":5471,"date":"2016-04-26T17:45:30","date_gmt":"2016-04-26T17:45:30","guid":{"rendered":"http:\/\/elanticuario.eu\/?post_type=product&#038;p=5471"},"modified":"2016-04-26T17:45:30","modified_gmt":"2016-04-26T17:45:30","slug":"lengua-y-literatura-espanola_3o","status":"publish","type":"product","link":"https:\/\/elanticuario.eu\/?product=lengua-y-literatura-espanola_3o","title":{"rendered":"Lengua y Literatura Espa\u00f1ola_3\u00ba"},"content":{"rendered":"<p>Editorial Edelvives.<\/p>\n<p>Faltan las 4 primeras p\u00e1ginas. Empieza en la Lecci\u00f3n primera.<\/p>\n<p>Gastos de env\u00edo incluidos.<\/p>\n<p>Si se recoje en mano 5 \u20ac menos<\/p>\n","protected":false},"excerpt":{"rendered":"<p class=\"excerpt\">Editorial Edelvives. Faltan las 4 primeras p\u00e1ginas. Empieza en la Lecci\u00f3n primera. Gastos de env\u00edo incluidos. Si se recoje en mano 5 \u20ac menos <a href=\"https:\/\/elanticuario.eu\/?product=lengua-y-literatura-espanola_3o\">Leer m\u00e1s &rarr;<\/a><\/p>\n","protected":false},"featured_media":5433,"comment_status":"open","ping_status":"closed","template":"","meta":[],"product_cat":[6],"product_tag":[],"class_list":{"0":"post-5471","1":"product","2":"type-product","3":"status-publish","4":"has-post-thumbnail","6":"product_cat-libros-antiguos-de-escuela","7":"xfolkentry","9":"first","10":"instock","11":"shipping-taxable","12":"purchasable","13":"product-type-simple"},"_links":{"self":[{"href":"https:\/\/elanticuario.eu\/index.php?rest_route=\/wp\/v2\/product\/5471","targetHints":{"allow":["GET"]}}],"collection":[{"href":"https:\/\/elanticuario.eu\/index.php?rest_route=\/wp\/v2\/product"}],"about":[{"href":"https:\/\/elanticuario.eu\/index.php?rest_route=\/wp\/v2\/types\/product"}],"replies":[{"embeddable":true,"href":"https:\/\/elanticuario.eu\/index.php?rest_route=%2Fwp%2Fv2%2Fcomments&post=5471"}],"wp:featuredmedia":[{"embeddable":true,"href":"https:\/\/elanticuario.eu\/index.php?rest_route=\/wp\/v2\/media\/5433"}],"wp:attachment":[{"href":"https:\/\/elanticuario.eu\/index.php?rest_route=%2Fwp%2Fv2%2Fmedia&parent=5471"}],"wp:term":[{"taxonomy":"product_cat","embeddable":true,"href":"https:\/\/elanticuario.eu\/index.php?rest_route=%2Fwp%2Fv2%2Fproduct_cat&post=5471"},{"taxonomy":"product_tag","embeddable":true,"href":"https:\/\/elanticuario.eu\/index.php?rest_route=%2Fwp%2Fv2%2Fproduct_tag&post=5471"}],"curies":[{"name":"wp","href":"https:\/\/api.w.org\/{rel}","templated":true}]}}