{"id":5523,"date":"2016-09-19T21:13:47","date_gmt":"2016-09-19T21:13:47","guid":{"rendered":"http:\/\/elanticuario.eu\/?post_type=product&#038;p=5523"},"modified":"2022-05-13T18:41:19","modified_gmt":"2022-05-13T18:41:19","slug":"mi-cartilla-3a-parte","status":"publish","type":"product","link":"https:\/\/elanticuario.eu\/?product=mi-cartilla-3a-parte","title":{"rendered":"Mi Cartilla. 3\u00aa parte"},"content":{"rendered":"<p>Editorial Mi\u00f1\u00f3n. Valladolid 1963.<\/p>\n<p>24 pgs. Nuevo<\/p>\n<p>Gastos de env\u00edo incluidos.<\/p>\n<p>&nbsp;<\/p>\n","protected":false},"excerpt":{"rendered":"<p class=\"excerpt\">Editorial Mi\u00f1\u00f3n. Valladolid 1963. 24 pgs. Nuevo Gastos de env\u00edo incluidos. &nbsp; <a href=\"https:\/\/elanticuario.eu\/?product=mi-cartilla-3a-parte\">Leer m\u00e1s &rarr;<\/a><\/p>\n","protected":false},"featured_media":5510,"comment_status":"open","ping_status":"closed","template":"","meta":[],"product_cat":[6],"product_tag":[],"class_list":{"0":"post-5523","1":"product","2":"type-product","3":"status-publish","4":"has-post-thumbnail","6":"product_cat-libros-antiguos-de-escuela","7":"xfolkentry","9":"first","10":"instock","11":"shipping-taxable","12":"purchasable","13":"product-type-simple"},"_links":{"self":[{"href":"https:\/\/elanticuario.eu\/index.php?rest_route=\/wp\/v2\/product\/5523","targetHints":{"allow":["GET"]}}],"collection":[{"href":"https:\/\/elanticuario.eu\/index.php?rest_route=\/wp\/v2\/product"}],"about":[{"href":"https:\/\/elanticuario.eu\/index.php?rest_route=\/wp\/v2\/types\/product"}],"replies":[{"embeddable":true,"href":"https:\/\/elanticuario.eu\/index.php?rest_route=%2Fwp%2Fv2%2Fcomments&post=5523"}],"wp:featuredmedia":[{"embeddable":true,"href":"https:\/\/elanticuario.eu\/index.php?rest_route=\/wp\/v2\/media\/5510"}],"wp:attachment":[{"href":"https:\/\/elanticuario.eu\/index.php?rest_route=%2Fwp%2Fv2%2Fmedia&parent=5523"}],"wp:term":[{"taxonomy":"product_cat","embeddable":true,"href":"https:\/\/elanticuario.eu\/index.php?rest_route=%2Fwp%2Fv2%2Fproduct_cat&post=5523"},{"taxonomy":"product_tag","embeddable":true,"href":"https:\/\/elanticuario.eu\/index.php?rest_route=%2Fwp%2Fv2%2Fproduct_tag&post=5523"}],"curies":[{"name":"wp","href":"https:\/\/api.w.org\/{rel}","templated":true}]}}