{"id":6426,"date":"2017-09-18T21:10:28","date_gmt":"2017-09-18T21:10:28","guid":{"rendered":"http:\/\/elanticuario.eu\/?post_type=product&#038;p=6426"},"modified":"2017-09-18T21:10:28","modified_gmt":"2017-09-18T21:10:28","slug":"camion-y-avion","status":"publish","type":"product","link":"https:\/\/elanticuario.eu\/?product=camion-y-avion","title":{"rendered":"Cami\u00f3n y avi\u00f3n"},"content":{"rendered":"<p>Gastos de env\u00edo incluidos.<\/p>\n<p>Producto nuevo (sin usar).<\/p>\n<p>&nbsp;<\/p>\n","protected":false},"excerpt":{"rendered":"<p class=\"excerpt\">Gastos de env\u00edo incluidos. Producto nuevo (sin usar). &nbsp; <a href=\"https:\/\/elanticuario.eu\/?product=camion-y-avion\">Leer m\u00e1s &rarr;<\/a><\/p>\n","protected":false},"featured_media":6360,"comment_status":"open","ping_status":"closed","template":"","meta":[],"product_cat":[7],"product_tag":[],"class_list":{"0":"post-6426","1":"product","2":"type-product","3":"status-publish","4":"has-post-thumbnail","6":"product_cat-juguetes","7":"xfolkentry","9":"first","10":"instock","11":"shipping-taxable","12":"purchasable","13":"product-type-simple"},"_links":{"self":[{"href":"https:\/\/elanticuario.eu\/index.php?rest_route=\/wp\/v2\/product\/6426","targetHints":{"allow":["GET"]}}],"collection":[{"href":"https:\/\/elanticuario.eu\/index.php?rest_route=\/wp\/v2\/product"}],"about":[{"href":"https:\/\/elanticuario.eu\/index.php?rest_route=\/wp\/v2\/types\/product"}],"replies":[{"embeddable":true,"href":"https:\/\/elanticuario.eu\/index.php?rest_route=%2Fwp%2Fv2%2Fcomments&post=6426"}],"wp:featuredmedia":[{"embeddable":true,"href":"https:\/\/elanticuario.eu\/index.php?rest_route=\/wp\/v2\/media\/6360"}],"wp:attachment":[{"href":"https:\/\/elanticuario.eu\/index.php?rest_route=%2Fwp%2Fv2%2Fmedia&parent=6426"}],"wp:term":[{"taxonomy":"product_cat","embeddable":true,"href":"https:\/\/elanticuario.eu\/index.php?rest_route=%2Fwp%2Fv2%2Fproduct_cat&post=6426"},{"taxonomy":"product_tag","embeddable":true,"href":"https:\/\/elanticuario.eu\/index.php?rest_route=%2Fwp%2Fv2%2Fproduct_tag&post=6426"}],"curies":[{"name":"wp","href":"https:\/\/api.w.org\/{rel}","templated":true}]}}