{"id":7539,"date":"2019-01-21T18:22:26","date_gmt":"2019-01-21T18:22:26","guid":{"rendered":"http:\/\/elanticuario.eu\/?post_type=product&#038;p=7539"},"modified":"2019-01-21T18:22:26","modified_gmt":"2019-01-21T18:22:26","slug":"rayas-3-parte","status":"publish","type":"product","link":"https:\/\/elanticuario.eu\/?product=rayas-3-parte","title":{"rendered":"Rayas 3 parte"},"content":{"rendered":"<p>M\u00e9todo de ense\u00f1anza de la lectura.<\/p>\n<p>Autor Angel Romero.<\/p>\n<p>Editorial Sanchez Rodr\u00edguez. Plasencia 1962.<\/p>\n<p>Gastos de env\u00edo incluidos.<\/p>\n<p>&nbsp;<\/p>\n","protected":false},"excerpt":{"rendered":"<p class=\"excerpt\">M\u00e9todo de ense\u00f1anza de la lectura. Autor Angel Romero. Editorial Sanchez Rodr\u00edguez. Plasencia 1962. Gastos de env\u00edo incluidos. &nbsp; <a href=\"https:\/\/elanticuario.eu\/?product=rayas-3-parte\">Leer m\u00e1s &rarr;<\/a><\/p>\n","protected":false},"featured_media":7534,"comment_status":"open","ping_status":"closed","template":"","meta":[],"product_cat":[6],"product_tag":[],"class_list":{"0":"post-7539","1":"product","2":"type-product","3":"status-publish","4":"has-post-thumbnail","6":"product_cat-libros-antiguos-de-escuela","7":"xfolkentry","9":"first","10":"instock","11":"shipping-taxable","12":"purchasable","13":"product-type-simple"},"_links":{"self":[{"href":"https:\/\/elanticuario.eu\/index.php?rest_route=\/wp\/v2\/product\/7539","targetHints":{"allow":["GET"]}}],"collection":[{"href":"https:\/\/elanticuario.eu\/index.php?rest_route=\/wp\/v2\/product"}],"about":[{"href":"https:\/\/elanticuario.eu\/index.php?rest_route=\/wp\/v2\/types\/product"}],"replies":[{"embeddable":true,"href":"https:\/\/elanticuario.eu\/index.php?rest_route=%2Fwp%2Fv2%2Fcomments&post=7539"}],"wp:featuredmedia":[{"embeddable":true,"href":"https:\/\/elanticuario.eu\/index.php?rest_route=\/wp\/v2\/media\/7534"}],"wp:attachment":[{"href":"https:\/\/elanticuario.eu\/index.php?rest_route=%2Fwp%2Fv2%2Fmedia&parent=7539"}],"wp:term":[{"taxonomy":"product_cat","embeddable":true,"href":"https:\/\/elanticuario.eu\/index.php?rest_route=%2Fwp%2Fv2%2Fproduct_cat&post=7539"},{"taxonomy":"product_tag","embeddable":true,"href":"https:\/\/elanticuario.eu\/index.php?rest_route=%2Fwp%2Fv2%2Fproduct_tag&post=7539"}],"curies":[{"name":"wp","href":"https:\/\/api.w.org\/{rel}","templated":true}]}}