{"id":8511,"date":"2020-09-11T16:36:35","date_gmt":"2020-09-11T16:36:35","guid":{"rendered":"http:\/\/elanticuario.eu\/?post_type=product&#038;p=8511"},"modified":"2025-02-02T18:33:18","modified_gmt":"2025-02-02T18:33:18","slug":"albunes-de-futbol","status":"publish","type":"product","link":"https:\/\/elanticuario.eu\/?product=albunes-de-futbol","title":{"rendered":"Albunes de f\u00fatbol"},"content":{"rendered":"<p>Gastos de env\u00edo incluidos (correo ordinario).<\/p>\n<p>Sol\u00edcitar informaci\u00f3n sobre si los \u00e1lbumes est\u00e1n completos \u00a0o no.<\/p>\n","protected":false},"excerpt":{"rendered":"<p class=\"excerpt\">En Buen estado. Le faltan algunos cromos (indicado en la portada)<\/p>\n<p>Precio por unidad <a href=\"https:\/\/elanticuario.eu\/?product=albunes-de-futbol\">Leer m\u00e1s &rarr;<\/a><\/p>\n","protected":false},"featured_media":8482,"comment_status":"open","ping_status":"closed","template":"","meta":[],"product_cat":[9],"product_tag":[],"class_list":{"0":"post-8511","1":"product","2":"type-product","3":"status-publish","4":"has-post-thumbnail","6":"product_cat-albumes","7":"xfolkentry","9":"first","10":"instock","11":"shipping-taxable","12":"purchasable","13":"product-type-simple"},"_links":{"self":[{"href":"https:\/\/elanticuario.eu\/index.php?rest_route=\/wp\/v2\/product\/8511","targetHints":{"allow":["GET"]}}],"collection":[{"href":"https:\/\/elanticuario.eu\/index.php?rest_route=\/wp\/v2\/product"}],"about":[{"href":"https:\/\/elanticuario.eu\/index.php?rest_route=\/wp\/v2\/types\/product"}],"replies":[{"embeddable":true,"href":"https:\/\/elanticuario.eu\/index.php?rest_route=%2Fwp%2Fv2%2Fcomments&post=8511"}],"wp:featuredmedia":[{"embeddable":true,"href":"https:\/\/elanticuario.eu\/index.php?rest_route=\/wp\/v2\/media\/8482"}],"wp:attachment":[{"href":"https:\/\/elanticuario.eu\/index.php?rest_route=%2Fwp%2Fv2%2Fmedia&parent=8511"}],"wp:term":[{"taxonomy":"product_cat","embeddable":true,"href":"https:\/\/elanticuario.eu\/index.php?rest_route=%2Fwp%2Fv2%2Fproduct_cat&post=8511"},{"taxonomy":"product_tag","embeddable":true,"href":"https:\/\/elanticuario.eu\/index.php?rest_route=%2Fwp%2Fv2%2Fproduct_tag&post=8511"}],"curies":[{"name":"wp","href":"https:\/\/api.w.org\/{rel}","templated":true}]}}