{"id":9372,"date":"2023-09-11T20:21:35","date_gmt":"2023-09-11T20:21:35","guid":{"rendered":"https:\/\/elanticuario.eu\/?post_type=product&#038;p=9372"},"modified":"2023-09-11T20:26:52","modified_gmt":"2023-09-11T20:26:52","slug":"libro-de-lectura-anos-60","status":"publish","type":"product","link":"https:\/\/elanticuario.eu\/?product=libro-de-lectura-anos-60","title":{"rendered":"Chicos y cosas"},"content":{"rendered":"<p>Este libro de lectura antiguo, editado en 1962, es una aut\u00e9ntica reliquia educativa con 237 p\u00e1ginas llenas de historias y ense\u00f1anzas de \u00e9pocas pasadas. Una oportunidad \u00fanica para explorar la educaci\u00f3n de anta\u00f1o. Incluye gastos de env\u00edo dentro de Espa\u00f1a. \u00a1Agrega nostalgia a tu colecci\u00f3n de antig\u00fcedades!<\/p>\n<p>&nbsp;<\/p>\n<p>&nbsp;<\/p>\n","protected":false},"excerpt":{"rendered":"<p class=\"excerpt\">Este libro de lectura antiguo, editado en 1962, es una aut\u00e9ntica reliquia educativa con 237 p\u00e1ginas llenas de historias y ense\u00f1anzas de \u00e9pocas pasadas. Una oportunidad \u00fanica para explorar la educaci\u00f3n de anta\u00f1o. Incluye gastos de env\u00edo dentro de Espa\u00f1a. \u00a1Agrega nostalgia a tu colecci\u00f3n de antig\u00fcedades! &nbsp; &nbsp; <a href=\"https:\/\/elanticuario.eu\/?product=libro-de-lectura-anos-60\">Leer m\u00e1s &rarr;<\/a><\/p>\n","protected":false},"featured_media":9331,"comment_status":"open","ping_status":"closed","template":"","meta":[],"product_cat":[6],"product_tag":[],"class_list":{"0":"post-9372","1":"product","2":"type-product","3":"status-publish","4":"has-post-thumbnail","6":"product_cat-libros-antiguos-de-escuela","7":"xfolkentry","9":"first","10":"instock","11":"shipping-taxable","12":"purchasable","13":"product-type-simple"},"_links":{"self":[{"href":"https:\/\/elanticuario.eu\/index.php?rest_route=\/wp\/v2\/product\/9372","targetHints":{"allow":["GET"]}}],"collection":[{"href":"https:\/\/elanticuario.eu\/index.php?rest_route=\/wp\/v2\/product"}],"about":[{"href":"https:\/\/elanticuario.eu\/index.php?rest_route=\/wp\/v2\/types\/product"}],"replies":[{"embeddable":true,"href":"https:\/\/elanticuario.eu\/index.php?rest_route=%2Fwp%2Fv2%2Fcomments&post=9372"}],"wp:featuredmedia":[{"embeddable":true,"href":"https:\/\/elanticuario.eu\/index.php?rest_route=\/wp\/v2\/media\/9331"}],"wp:attachment":[{"href":"https:\/\/elanticuario.eu\/index.php?rest_route=%2Fwp%2Fv2%2Fmedia&parent=9372"}],"wp:term":[{"taxonomy":"product_cat","embeddable":true,"href":"https:\/\/elanticuario.eu\/index.php?rest_route=%2Fwp%2Fv2%2Fproduct_cat&post=9372"},{"taxonomy":"product_tag","embeddable":true,"href":"https:\/\/elanticuario.eu\/index.php?rest_route=%2Fwp%2Fv2%2Fproduct_tag&post=9372"}],"curies":[{"name":"wp","href":"https:\/\/api.w.org\/{rel}","templated":true}]}}