{"id":9375,"date":"2023-09-11T20:32:24","date_gmt":"2023-09-11T20:32:24","guid":{"rendered":"https:\/\/elanticuario.eu\/?post_type=product&#038;p=9375"},"modified":"2023-09-11T20:33:03","modified_gmt":"2023-09-11T20:33:03","slug":"historia-de-espana-para-escolares-de-los-anos-60","status":"publish","type":"product","link":"https:\/\/elanticuario.eu\/?product=historia-de-espana-para-escolares-de-los-anos-60","title":{"rendered":"Lectura sobre HISTORIA de los pueblos de Espa\u00f1a"},"content":{"rendered":"<p>Echa un vistazo a este libro de lectura antiguo, (pero nuevo) de 1961.<\/p>\n<p>Tiene 53 p\u00e1ginas llenas de historias geniales de \u00e9pocas pasadas. Es como un viaje en el tiempo a las aulas de antes.<\/p>\n<p>\u00a1Y lo mejor es que el env\u00edo es gratis si est\u00e1s en Espa\u00f1a! \u00bfListo para darle un toque vintage a tu colecci\u00f3n?<\/p>\n","protected":false},"excerpt":{"rendered":"<p class=\"excerpt\">Echa un vistazo a este libro de lectura antiguo, (pero nuevo) de 1961. Tiene 53 p\u00e1ginas llenas de historias geniales de \u00e9pocas pasadas. Es como un viaje en el tiempo a las aulas de antes. \u00a1Y lo mejor es que el env\u00edo es gratis si est\u00e1s en Espa\u00f1a! \u00bfListo para darle un toque vintage a tu colecci\u00f3n? <a href=\"https:\/\/elanticuario.eu\/?product=historia-de-espana-para-escolares-de-los-anos-60\">Leer m\u00e1s &rarr;<\/a><\/p>\n","protected":false},"featured_media":9343,"comment_status":"open","ping_status":"closed","template":"","meta":[],"product_cat":[6],"product_tag":[],"class_list":{"0":"post-9375","1":"product","2":"type-product","3":"status-publish","4":"has-post-thumbnail","6":"product_cat-libros-antiguos-de-escuela","7":"xfolkentry","9":"first","10":"instock","11":"shipping-taxable","12":"purchasable","13":"product-type-simple"},"_links":{"self":[{"href":"https:\/\/elanticuario.eu\/index.php?rest_route=\/wp\/v2\/product\/9375","targetHints":{"allow":["GET"]}}],"collection":[{"href":"https:\/\/elanticuario.eu\/index.php?rest_route=\/wp\/v2\/product"}],"about":[{"href":"https:\/\/elanticuario.eu\/index.php?rest_route=\/wp\/v2\/types\/product"}],"replies":[{"embeddable":true,"href":"https:\/\/elanticuario.eu\/index.php?rest_route=%2Fwp%2Fv2%2Fcomments&post=9375"}],"wp:featuredmedia":[{"embeddable":true,"href":"https:\/\/elanticuario.eu\/index.php?rest_route=\/wp\/v2\/media\/9343"}],"wp:attachment":[{"href":"https:\/\/elanticuario.eu\/index.php?rest_route=%2Fwp%2Fv2%2Fmedia&parent=9375"}],"wp:term":[{"taxonomy":"product_cat","embeddable":true,"href":"https:\/\/elanticuario.eu\/index.php?rest_route=%2Fwp%2Fv2%2Fproduct_cat&post=9375"},{"taxonomy":"product_tag","embeddable":true,"href":"https:\/\/elanticuario.eu\/index.php?rest_route=%2Fwp%2Fv2%2Fproduct_tag&post=9375"}],"curies":[{"name":"wp","href":"https:\/\/api.w.org\/{rel}","templated":true}]}}