{"id":9376,"date":"2023-09-11T20:38:01","date_gmt":"2023-09-11T20:38:01","guid":{"rendered":"https:\/\/elanticuario.eu\/?post_type=product&#038;p=9376"},"modified":"2024-02-22T16:53:00","modified_gmt":"2024-02-22T16:53:00","slug":"lectura-del-viaje-de-una-nina-por-espana","status":"publish","type":"product","link":"https:\/\/elanticuario.eu\/?product=lectura-del-viaje-de-una-nina-por-espana","title":{"rendered":"Carmencita de viaje"},"content":{"rendered":"<p>Este libro de lectura antiguo de 1958 tiene 167 p\u00e1ginas llenas de historias geniales de una ni\u00f1a, Carmencita.<\/p>\n<p>Es como un viaje en el que descubre ciudades, oficios y celebraciones a lo largo de Espa\u00f1a.<\/p>\n<p>El env\u00edo es gratis si est\u00e1s en Espa\u00f1a! \u00bfListo para darle un toque vintage a tu colecci\u00f3n?<\/p>\n","protected":false},"excerpt":{"rendered":"<p class=\"excerpt\">Este libro de lectura antiguo de 1958 tiene 167 p\u00e1ginas llenas de historias geniales de una ni\u00f1a, Carmencita. Es como un viaje en el que descubre ciudades, oficios y celebraciones a lo largo de Espa\u00f1a. El env\u00edo es gratis si est\u00e1s en Espa\u00f1a! \u00bfListo para darle un toque vintage a tu colecci\u00f3n? <a href=\"https:\/\/elanticuario.eu\/?product=lectura-del-viaje-de-una-nina-por-espana\">Leer m\u00e1s &rarr;<\/a><\/p>\n","protected":false},"featured_media":9324,"comment_status":"open","ping_status":"closed","template":"","meta":[],"product_cat":[6],"product_tag":[],"class_list":{"0":"post-9376","1":"product","2":"type-product","3":"status-publish","4":"has-post-thumbnail","6":"product_cat-libros-antiguos-de-escuela","7":"xfolkentry","9":"first","10":"instock","11":"shipping-taxable","12":"purchasable","13":"product-type-simple"},"_links":{"self":[{"href":"https:\/\/elanticuario.eu\/index.php?rest_route=\/wp\/v2\/product\/9376","targetHints":{"allow":["GET"]}}],"collection":[{"href":"https:\/\/elanticuario.eu\/index.php?rest_route=\/wp\/v2\/product"}],"about":[{"href":"https:\/\/elanticuario.eu\/index.php?rest_route=\/wp\/v2\/types\/product"}],"replies":[{"embeddable":true,"href":"https:\/\/elanticuario.eu\/index.php?rest_route=%2Fwp%2Fv2%2Fcomments&post=9376"}],"wp:featuredmedia":[{"embeddable":true,"href":"https:\/\/elanticuario.eu\/index.php?rest_route=\/wp\/v2\/media\/9324"}],"wp:attachment":[{"href":"https:\/\/elanticuario.eu\/index.php?rest_route=%2Fwp%2Fv2%2Fmedia&parent=9376"}],"wp:term":[{"taxonomy":"product_cat","embeddable":true,"href":"https:\/\/elanticuario.eu\/index.php?rest_route=%2Fwp%2Fv2%2Fproduct_cat&post=9376"},{"taxonomy":"product_tag","embeddable":true,"href":"https:\/\/elanticuario.eu\/index.php?rest_route=%2Fwp%2Fv2%2Fproduct_tag&post=9376"}],"curies":[{"name":"wp","href":"https:\/\/api.w.org\/{rel}","templated":true}]}}