{"id":9377,"date":"2023-09-11T20:42:18","date_gmt":"2023-09-11T20:42:18","guid":{"rendered":"https:\/\/elanticuario.eu\/?post_type=product&#038;p=9377"},"modified":"2023-09-11T20:42:18","modified_gmt":"2023-09-11T20:42:18","slug":"geografia-primer-grado","status":"publish","type":"product","link":"https:\/\/elanticuario.eu\/?product=geografia-primer-grado","title":{"rendered":"Geografia. Primer grado"},"content":{"rendered":"<p>Este libro de Geograf\u00eda de 1928 es un verdadero tesoro del conocimiento hist\u00f3rico y geogr\u00e1fico. Con m\u00e1s de 90 a\u00f1os de antig\u00fcedad, y en 118 paginas, este ejemplar te transporta a una \u00e9poca en la que los mapas se trazaban a mano y las fronteras del mundo estaban en constante cambio.<\/p>\n<p>Con ilustraciones detalladas y descripciones de lugares lejanos que pueden haber evolucionado desde entonces, este libro es una ventana al pasado. Descubre c\u00f3mo se percib\u00eda el mundo en 1928, antes de la era de la informaci\u00f3n instant\u00e1nea.<\/p>\n<p>Gastos de env\u00edo incluidos en el precio<\/p>\n","protected":false},"excerpt":{"rendered":"<p class=\"excerpt\">Este libro de Geograf\u00eda de 1928 es un verdadero tesoro del conocimiento hist\u00f3rico y geogr\u00e1fico. Con m\u00e1s de 90 a\u00f1os de antig\u00fcedad, y en 118 paginas, este ejemplar te transporta a una \u00e9poca en la que los mapas se trazaban a mano y las fronteras del mundo estaban en constante cambio. Con ilustraciones detalladas y descripciones de lugares lejanos que&hellip; <a href=\"https:\/\/elanticuario.eu\/?product=geografia-primer-grado\">Leer m\u00e1s &rarr;<\/a><\/p>\n","protected":false},"featured_media":9339,"comment_status":"open","ping_status":"closed","template":"","meta":[],"product_cat":[6],"product_tag":[],"class_list":{"0":"post-9377","1":"product","2":"type-product","3":"status-publish","4":"has-post-thumbnail","6":"product_cat-libros-antiguos-de-escuela","7":"xfolkentry","9":"first","10":"instock","11":"shipping-taxable","12":"purchasable","13":"product-type-simple"},"_links":{"self":[{"href":"https:\/\/elanticuario.eu\/index.php?rest_route=\/wp\/v2\/product\/9377","targetHints":{"allow":["GET"]}}],"collection":[{"href":"https:\/\/elanticuario.eu\/index.php?rest_route=\/wp\/v2\/product"}],"about":[{"href":"https:\/\/elanticuario.eu\/index.php?rest_route=\/wp\/v2\/types\/product"}],"replies":[{"embeddable":true,"href":"https:\/\/elanticuario.eu\/index.php?rest_route=%2Fwp%2Fv2%2Fcomments&post=9377"}],"wp:featuredmedia":[{"embeddable":true,"href":"https:\/\/elanticuario.eu\/index.php?rest_route=\/wp\/v2\/media\/9339"}],"wp:attachment":[{"href":"https:\/\/elanticuario.eu\/index.php?rest_route=%2Fwp%2Fv2%2Fmedia&parent=9377"}],"wp:term":[{"taxonomy":"product_cat","embeddable":true,"href":"https:\/\/elanticuario.eu\/index.php?rest_route=%2Fwp%2Fv2%2Fproduct_cat&post=9377"},{"taxonomy":"product_tag","embeddable":true,"href":"https:\/\/elanticuario.eu\/index.php?rest_route=%2Fwp%2Fv2%2Fproduct_tag&post=9377"}],"curies":[{"name":"wp","href":"https:\/\/api.w.org\/{rel}","templated":true}]}}