{"id":9381,"date":"2023-09-11T21:05:05","date_gmt":"2023-09-11T21:05:05","guid":{"rendered":"https:\/\/elanticuario.eu\/?post_type=product&#038;p=9381"},"modified":"2023-09-11T21:05:06","modified_gmt":"2023-09-11T21:05:06","slug":"libro-de-lectura-para-ninos-de-1960","status":"publish","type":"product","link":"https:\/\/elanticuario.eu\/?product=libro-de-lectura-para-ninos-de-1960","title":{"rendered":"Nosotros. Primer libro de lectura"},"content":{"rendered":"<p>Este Primer Libro de Lectura, de 134 paginas y \u00a0publicado en el a\u00f1o 1959, es un aut\u00e9ntico tesoro literario que te transportar\u00e1 a la \u00e9poca de la educaci\u00f3n cl\u00e1sica. Con sus p\u00e1ginas llenas de historias entra\u00f1ables y lecciones atemporales, este libro es un reflejo del enfoque pedag\u00f3gico de mediados del siglo XX.<\/p>\n<p>Esta obra no solo es un libro, sino un testigo de la educaci\u00f3n de otra \u00e9poca. Ya seas un apasionado de la literatura cl\u00e1sica, un coleccionista de libros antiguos o simplemente alguien que aprecia la nostalgia, este Primer Libro de Lectura de 1959 es una pieza \u00fanica.<\/p>\n<p>Gastos de envio incluidos en el precio.<\/p>\n","protected":false},"excerpt":{"rendered":"<p class=\"excerpt\">Este Primer Libro de Lectura, de 134 paginas y \u00a0publicado en el a\u00f1o 1959, es un aut\u00e9ntico tesoro literario que te transportar\u00e1 a la \u00e9poca de la educaci\u00f3n cl\u00e1sica. Con sus p\u00e1ginas llenas de historias entra\u00f1ables y lecciones atemporales, este libro es un reflejo del enfoque pedag\u00f3gico de mediados del siglo XX. Esta obra no solo es un libro, sino&hellip; <a href=\"https:\/\/elanticuario.eu\/?product=libro-de-lectura-para-ninos-de-1960\">Leer m\u00e1s &rarr;<\/a><\/p>\n","protected":false},"featured_media":9360,"comment_status":"open","ping_status":"closed","template":"","meta":[],"product_cat":[6],"product_tag":[],"class_list":{"0":"post-9381","1":"product","2":"type-product","3":"status-publish","4":"has-post-thumbnail","6":"product_cat-libros-antiguos-de-escuela","7":"xfolkentry","9":"first","10":"instock","11":"shipping-taxable","12":"purchasable","13":"product-type-simple"},"_links":{"self":[{"href":"https:\/\/elanticuario.eu\/index.php?rest_route=\/wp\/v2\/product\/9381","targetHints":{"allow":["GET"]}}],"collection":[{"href":"https:\/\/elanticuario.eu\/index.php?rest_route=\/wp\/v2\/product"}],"about":[{"href":"https:\/\/elanticuario.eu\/index.php?rest_route=\/wp\/v2\/types\/product"}],"replies":[{"embeddable":true,"href":"https:\/\/elanticuario.eu\/index.php?rest_route=%2Fwp%2Fv2%2Fcomments&post=9381"}],"wp:featuredmedia":[{"embeddable":true,"href":"https:\/\/elanticuario.eu\/index.php?rest_route=\/wp\/v2\/media\/9360"}],"wp:attachment":[{"href":"https:\/\/elanticuario.eu\/index.php?rest_route=%2Fwp%2Fv2%2Fmedia&parent=9381"}],"wp:term":[{"taxonomy":"product_cat","embeddable":true,"href":"https:\/\/elanticuario.eu\/index.php?rest_route=%2Fwp%2Fv2%2Fproduct_cat&post=9381"},{"taxonomy":"product_tag","embeddable":true,"href":"https:\/\/elanticuario.eu\/index.php?rest_route=%2Fwp%2Fv2%2Fproduct_tag&post=9381"}],"curies":[{"name":"wp","href":"https:\/\/api.w.org\/{rel}","templated":true}]}}