{"id":9382,"date":"2023-09-11T21:10:23","date_gmt":"2023-09-11T21:10:23","guid":{"rendered":"https:\/\/elanticuario.eu\/?post_type=product&#038;p=9382"},"modified":"2025-01-16T18:03:40","modified_gmt":"2025-01-16T18:03:40","slug":"lecturas-comentadas","status":"publish","type":"product","link":"https:\/\/elanticuario.eu\/?product=lecturas-comentadas","title":{"rendered":"Lecturas comentadas"},"content":{"rendered":"<div class=\"flex-1 overflow-hidden\">\n<div class=\"react-scroll-to-bottom--css-xoxks-79elbk h-full dark:bg-gray-800\">\n<div class=\"react-scroll-to-bottom--css-xoxks-1n7m0yu\">\n<div class=\"flex flex-col text-sm dark:bg-gray-800\">\n<div class=\"group w-full text-token-text-primary border-b border-black\/10 dark:border-gray-900\/50 bg-gray-50 dark:bg-[#444654]\" data-testid=\"conversation-turn-23\">\n<div class=\"p-4 justify-center text-base md:gap-6 md:py-6 m-auto\">\n<div class=\"flex flex-1 gap-4 text-base mx-auto md:gap-6 md:max-w-2xl lg:max-w-[38rem] xl:max-w-3xl }\">\n<div class=\"relative flex w-[calc(100%-50px)] flex-col gap-1 md:gap-3 lg:w-[calc(100%-115px)]\">\n<div class=\"flex flex-grow flex-col gap-3 max-w-full\">\n<div class=\"min-h-[20px] flex flex-col items-start gap-3 overflow-x-auto whitespace-pre-wrap break-words\">\n<div class=\"markdown prose w-full break-words dark:prose-invert light\">\n<p>&nbsp;<\/p>\n<p>\u00bfQu\u00e9 hace especial a nuestra colecci\u00f3n de Lecturas Comentadas para Ni\u00f1os?<\/p>\n<p>Este libro, editado en 1965, en perfecto estado de conservaci\u00f3n, y en sus 110 paginas nos ofrece:<\/p>\n<ol>\n<li><strong>Exploraci\u00f3n guiada:<\/strong> Cada libro incluye comentarios y explicaciones que ayudan a los ni\u00f1os a comprender mejor la historia y los personajes. Nuestros comentarios son amigables y f\u00e1ciles de entender, dise\u00f1ados espec\u00edficamente para j\u00f3venes lectores.<\/li>\n<li><strong>Aprendizaje divertido:<\/strong> Hacemos que la lectura sea divertida al combinar historias emocionantes con actividades interactivas, preguntas reflexivas y desaf\u00edos creativos que estimulan la imaginaci\u00f3n.<\/li>\n<li><strong>Valores y lecciones:<\/strong> Las historias seleccionadas no solo entretienen, sino que tambi\u00e9n transmiten valores importantes y lecciones de vida que los ni\u00f1os pueden aplicar en su d\u00eda a d\u00eda.<\/li>\n<li><strong>Diversidad de g\u00e9neros:<\/strong> Nuestra colecci\u00f3n abarca desde cuentos de hadas hasta aventuras contempor\u00e1neas, lo que permite a los ni\u00f1os explorar diferentes estilos literarios y \u00e9pocas.<\/li>\n<\/ol>\n<\/div>\n<\/div>\n<\/div>\n<div class=\"flex justify-between lg:block\">\n<div class=\"text-gray-400 flex self-end lg:self-center justify-center mt-2 gap-2 md:gap-3 lg:gap-1 lg:absolute lg:top-0 lg:translate-x-full lg:right-0 lg:mt-0 lg:pl-2 visible\"><\/div>\n<\/div>\n<\/div>\n<\/div>\n<\/div>\n<\/div>\n<div class=\"h-32 md:h-48 flex-shrink-0\"><\/div>\n<p>&nbsp;<\/p>\n<\/div>\n<\/div>\n<\/div>\n<\/div>\n<div class=\"absolute bottom-0 left-0 w-full border-t md:border-t-0 dark:border-white\/20 md:border-transparent md:dark:border-transparent md:bg-vert-light-gradient bg-white dark:bg-gray-800 md:!bg-transparent dark:md:bg-vert-dark-gradient pt-2 md:pl-2 md:w-[calc(100%-.5rem)]\">\n<form class=\"stretch mx-2 flex flex-row gap-3 last:mb-2 md:mx-4 md:last:mb-6 lg:mx-auto lg:max-w-2xl xl:max-w-3xl\">\n<div class=\"relative flex h-full flex-1 items-stretch md:flex-col\">\n<div>\n<div class=\"h-full flex ml-1 md:w-full md:m-auto md:mb-4 gap-0 md:gap-2 justify-center\"><\/div>\n<\/div>\n<\/div>\n<\/form>\n<\/div>\n","protected":false},"excerpt":{"rendered":"<p class=\"excerpt\">&nbsp; \u00bfQu\u00e9 hace especial a nuestra colecci\u00f3n de Lecturas Comentadas para Ni\u00f1os? Este libro, editado en 1965, en perfecto estado de conservaci\u00f3n, y en sus 110 paginas nos ofrece: Exploraci\u00f3n guiada: Cada libro incluye comentarios y explicaciones que ayudan a los ni\u00f1os a comprender mejor la historia y los personajes. Nuestros comentarios son amigables y f\u00e1ciles de entender, dise\u00f1ados espec\u00edficamente&hellip; <a href=\"https:\/\/elanticuario.eu\/?product=lecturas-comentadas\">Leer m\u00e1s &rarr;<\/a><\/p>\n","protected":false},"featured_media":9347,"comment_status":"open","ping_status":"closed","template":"","meta":[],"product_cat":[23,6],"product_tag":[],"class_list":{"0":"post-9382","1":"product","2":"type-product","3":"status-publish","4":"has-post-thumbnail","6":"product_cat-escuela-nueva","7":"product_cat-libros-antiguos-de-escuela","8":"xfolkentry","10":"first","11":"instock","12":"shipping-taxable","13":"purchasable","14":"product-type-simple"},"_links":{"self":[{"href":"https:\/\/elanticuario.eu\/index.php?rest_route=\/wp\/v2\/product\/9382","targetHints":{"allow":["GET"]}}],"collection":[{"href":"https:\/\/elanticuario.eu\/index.php?rest_route=\/wp\/v2\/product"}],"about":[{"href":"https:\/\/elanticuario.eu\/index.php?rest_route=\/wp\/v2\/types\/product"}],"replies":[{"embeddable":true,"href":"https:\/\/elanticuario.eu\/index.php?rest_route=%2Fwp%2Fv2%2Fcomments&post=9382"}],"wp:featuredmedia":[{"embeddable":true,"href":"https:\/\/elanticuario.eu\/index.php?rest_route=\/wp\/v2\/media\/9347"}],"wp:attachment":[{"href":"https:\/\/elanticuario.eu\/index.php?rest_route=%2Fwp%2Fv2%2Fmedia&parent=9382"}],"wp:term":[{"taxonomy":"product_cat","embeddable":true,"href":"https:\/\/elanticuario.eu\/index.php?rest_route=%2Fwp%2Fv2%2Fproduct_cat&post=9382"},{"taxonomy":"product_tag","embeddable":true,"href":"https:\/\/elanticuario.eu\/index.php?rest_route=%2Fwp%2Fv2%2Fproduct_tag&post=9382"}],"curies":[{"name":"wp","href":"https:\/\/api.w.org\/{rel}","templated":true}]}}