{"id":9503,"date":"2023-12-17T19:11:09","date_gmt":"2023-12-17T19:11:09","guid":{"rendered":"https:\/\/elanticuario.eu\/?post_type=product&#038;p=9503"},"modified":"2026-03-24T18:28:02","modified_gmt":"2026-03-24T18:28:02","slug":"postales-romanticas-anos-20","status":"publish","type":"product","link":"https:\/\/elanticuario.eu\/?product=postales-romanticas-anos-20","title":{"rendered":"Postales Rom\u00e1nticas a\u00f1os 20"},"content":{"rendered":"<p>Colecci\u00f3n de postales de principio del siglo XX (1900-1920) en perfecto estado de conservaci\u00f3n.<\/p>\n<p>Precio por postal: 12 euros.<\/p>\n<p>Precio para 6 postales (seg\u00fan pagina): 60 euros.<\/p>\n<p>Gastos de env\u00edo (por correo ordinario) incluido.<\/p>\n<p>&nbsp;<\/p>\n","protected":false},"excerpt":{"rendered":"<p class=\"excerpt\">Colecci\u00f3n de postales de principio del siglo XX (1900-1920) en perfecto estado de conservaci\u00f3n. Precio por postal: 12 euros. Precio para 6 postales (seg\u00fan pagina): 60 euros. Gastos de env\u00edo (por correo ordinario) incluido. &nbsp; <a href=\"https:\/\/elanticuario.eu\/?product=postales-romanticas-anos-20\">Leer m\u00e1s &rarr;<\/a><\/p>\n","protected":false},"featured_media":9472,"comment_status":"open","ping_status":"closed","template":"","meta":[],"product_cat":[22],"product_tag":[],"class_list":{"0":"post-9503","1":"product","2":"type-product","3":"status-publish","4":"has-post-thumbnail","6":"product_cat-postales","7":"xfolkentry","9":"first","10":"instock","11":"shipping-taxable","12":"purchasable","13":"product-type-simple"},"_links":{"self":[{"href":"https:\/\/elanticuario.eu\/index.php?rest_route=\/wp\/v2\/product\/9503","targetHints":{"allow":["GET"]}}],"collection":[{"href":"https:\/\/elanticuario.eu\/index.php?rest_route=\/wp\/v2\/product"}],"about":[{"href":"https:\/\/elanticuario.eu\/index.php?rest_route=\/wp\/v2\/types\/product"}],"replies":[{"embeddable":true,"href":"https:\/\/elanticuario.eu\/index.php?rest_route=%2Fwp%2Fv2%2Fcomments&post=9503"}],"wp:featuredmedia":[{"embeddable":true,"href":"https:\/\/elanticuario.eu\/index.php?rest_route=\/wp\/v2\/media\/9472"}],"wp:attachment":[{"href":"https:\/\/elanticuario.eu\/index.php?rest_route=%2Fwp%2Fv2%2Fmedia&parent=9503"}],"wp:term":[{"taxonomy":"product_cat","embeddable":true,"href":"https:\/\/elanticuario.eu\/index.php?rest_route=%2Fwp%2Fv2%2Fproduct_cat&post=9503"},{"taxonomy":"product_tag","embeddable":true,"href":"https:\/\/elanticuario.eu\/index.php?rest_route=%2Fwp%2Fv2%2Fproduct_tag&post=9503"}],"curies":[{"name":"wp","href":"https:\/\/api.w.org\/{rel}","templated":true}]}}