{"id":9567,"date":"2024-02-15T16:35:03","date_gmt":"2024-02-15T16:35:03","guid":{"rendered":"https:\/\/elanticuario.eu\/?post_type=product&#038;p=9567"},"modified":"2026-03-24T18:19:39","modified_gmt":"2026-03-24T18:19:39","slug":"moviles-antiguos","status":"publish","type":"product","link":"https:\/\/elanticuario.eu\/?product=moviles-antiguos","title":{"rendered":"M\u00f3viles antiguos"},"content":{"rendered":"<p>Moviles antiguos. Bien conservados. Todos funcionando (salvo que la bater\u00eda est\u00e9 agotada)<\/p>\n<p>Gastos de env\u00edo (correo ordinario) incluidos.<\/p>\n<p>Precio indicado para una unidad.<\/p>\n","protected":false},"excerpt":{"rendered":"<p class=\"excerpt\">Moviles antiguos. Bien conservados. Todos funcionando (salvo que la bater\u00eda est\u00e9 agotada) Gastos de env\u00edo (correo ordinario) incluidos. Precio indicado para una unidad. <a href=\"https:\/\/elanticuario.eu\/?product=moviles-antiguos\">Leer m\u00e1s &rarr;<\/a><\/p>\n","protected":false},"featured_media":9558,"comment_status":"open","ping_status":"closed","template":"","meta":[],"product_cat":[74,37,16],"product_tag":[],"class_list":{"0":"post-9567","1":"product","2":"type-product","3":"status-publish","4":"has-post-thumbnail","6":"product_cat-materiales-escuela-y-oficina","7":"product_cat-varios","8":"product_cat-objetos","9":"xfolkentry","11":"first","12":"instock","13":"sale","14":"shipping-taxable","15":"purchasable","16":"product-type-simple"},"_links":{"self":[{"href":"https:\/\/elanticuario.eu\/index.php?rest_route=\/wp\/v2\/product\/9567","targetHints":{"allow":["GET"]}}],"collection":[{"href":"https:\/\/elanticuario.eu\/index.php?rest_route=\/wp\/v2\/product"}],"about":[{"href":"https:\/\/elanticuario.eu\/index.php?rest_route=\/wp\/v2\/types\/product"}],"replies":[{"embeddable":true,"href":"https:\/\/elanticuario.eu\/index.php?rest_route=%2Fwp%2Fv2%2Fcomments&post=9567"}],"wp:featuredmedia":[{"embeddable":true,"href":"https:\/\/elanticuario.eu\/index.php?rest_route=\/wp\/v2\/media\/9558"}],"wp:attachment":[{"href":"https:\/\/elanticuario.eu\/index.php?rest_route=%2Fwp%2Fv2%2Fmedia&parent=9567"}],"wp:term":[{"taxonomy":"product_cat","embeddable":true,"href":"https:\/\/elanticuario.eu\/index.php?rest_route=%2Fwp%2Fv2%2Fproduct_cat&post=9567"},{"taxonomy":"product_tag","embeddable":true,"href":"https:\/\/elanticuario.eu\/index.php?rest_route=%2Fwp%2Fv2%2Fproduct_tag&post=9567"}],"curies":[{"name":"wp","href":"https:\/\/api.w.org\/{rel}","templated":true}]}}