{"id":9771,"date":"2024-02-23T16:41:49","date_gmt":"2024-02-23T16:41:49","guid":{"rendered":"https:\/\/elanticuario.eu\/?post_type=product&#038;p=9771"},"modified":"2025-01-04T21:04:01","modified_gmt":"2025-01-04T21:04:01","slug":"cambio-16-267-ejemplares","status":"publish","type":"product","link":"https:\/\/elanticuario.eu\/?product=cambio-16-267-ejemplares","title":{"rendered":"CAMBIO 16  (267 ejemplares)"},"content":{"rendered":"<p>Revistas de Cambio 16 entre los a\u00f1os 1983 y 1992.<\/p>\n<p>Bien conservador.<\/p>\n<p>No aparecen todos en la Galer\u00eda de Im\u00e1genes por razones de espacio.<\/p>\n<p>Solicitar informaci\u00f3n por email sobre el ejemplar o ejemplares deseados.<\/p>\n<p>Precio por unidades sueltas: 35 euros<\/p>\n<p>Precio del lote completo: 6500 euros.<\/p>\n<p>Gastos de envio incluidos.<\/p>\n","protected":false},"excerpt":{"rendered":"<p class=\"excerpt\">Revistas de Cambio 16 entre los a\u00f1os 1983 y 1992. Bien conservador. No aparecen todos en la Galer\u00eda de Im\u00e1genes por razones de espacio. Solicitar informaci\u00f3n por email sobre el ejemplar o ejemplares deseados. Precio por unidades sueltas: 35 euros Precio del lote completo: 6500 euros. Gastos de envio incluidos. <a href=\"https:\/\/elanticuario.eu\/?product=cambio-16-267-ejemplares\">Leer m\u00e1s &rarr;<\/a><\/p>\n","protected":false},"featured_media":9739,"comment_status":"open","ping_status":"closed","template":"","meta":[],"product_cat":[18],"product_tag":[],"class_list":{"0":"post-9771","1":"product","2":"type-product","3":"status-publish","4":"has-post-thumbnail","6":"product_cat-revistas-y-periodicos","7":"xfolkentry","9":"first","10":"instock","11":"shipping-taxable","12":"purchasable","13":"product-type-simple"},"_links":{"self":[{"href":"https:\/\/elanticuario.eu\/index.php?rest_route=\/wp\/v2\/product\/9771","targetHints":{"allow":["GET"]}}],"collection":[{"href":"https:\/\/elanticuario.eu\/index.php?rest_route=\/wp\/v2\/product"}],"about":[{"href":"https:\/\/elanticuario.eu\/index.php?rest_route=\/wp\/v2\/types\/product"}],"replies":[{"embeddable":true,"href":"https:\/\/elanticuario.eu\/index.php?rest_route=%2Fwp%2Fv2%2Fcomments&post=9771"}],"wp:featuredmedia":[{"embeddable":true,"href":"https:\/\/elanticuario.eu\/index.php?rest_route=\/wp\/v2\/media\/9739"}],"wp:attachment":[{"href":"https:\/\/elanticuario.eu\/index.php?rest_route=%2Fwp%2Fv2%2Fmedia&parent=9771"}],"wp:term":[{"taxonomy":"product_cat","embeddable":true,"href":"https:\/\/elanticuario.eu\/index.php?rest_route=%2Fwp%2Fv2%2Fproduct_cat&post=9771"},{"taxonomy":"product_tag","embeddable":true,"href":"https:\/\/elanticuario.eu\/index.php?rest_route=%2Fwp%2Fv2%2Fproduct_tag&post=9771"}],"curies":[{"name":"wp","href":"https:\/\/api.w.org\/{rel}","templated":true}]}}